{"id":251,"date":"2017-02-21T09:33:25","date_gmt":"2017-02-21T08:33:25","guid":{"rendered":"http:\/\/new.musicanet.org\/?page_id=251"},"modified":"2023-04-11T10:26:02","modified_gmt":"2023-04-11T08:26:02","slug":"grands-anniversaires","status":"publish","type":"page","link":"https:\/\/www.musicanet.org\/fr\/fonctionnalites\/compositeurs\/grands-anniversaires\/","title":{"rendered":"Grands anniversaires"},"content":{"rendered":"<p>[et_pb_section bb_built=\u00a0\u00bb1&Prime; fullwidth=\u00a0\u00bboff\u00a0\u00bb specialty=\u00a0\u00bboff\u00a0\u00bb parallax=\u00a0\u00bbon\u00a0\u00bb custom_padding=\u00a0\u00bb0px||0px|\u00a0\u00bb background_color=\u00a0\u00bbrgba(236,240,245,0)\u00a0\u00bb _builder_version=\u00a0\u00bb3.0.50&Prime;][et_pb_row make_fullwidth=\u00a0\u00bboff\u00a0\u00bb use_custom_width=\u00a0\u00bboff\u00a0\u00bb width_unit=\u00a0\u00bbon\u00a0\u00bb use_custom_gutter=\u00a0\u00bbon\u00a0\u00bb allow_player_pause=\u00a0\u00bboff\u00a0\u00bb parallax=\u00a0\u00bboff\u00a0\u00bb parallax_method=\u00a0\u00bboff\u00a0\u00bb make_equal=\u00a0\u00bboff\u00a0\u00bb parallax_1=\u00a0\u00bboff\u00a0\u00bb parallax_method_1=\u00a0\u00bboff\u00a0\u00bb parallax_2=\u00a0\u00bboff\u00a0\u00bb parallax_method_2=\u00a0\u00bboff\u00a0\u00bb gutter_width=\u00a0\u00bb2&Prime; custom_padding=\u00a0\u00bb||0px|\u00a0\u00bb background_position=\u00a0\u00bbtop_left\u00a0\u00bb background_repeat=\u00a0\u00bbrepeat\u00a0\u00bb background_size=\u00a0\u00bbinitial\u00a0\u00bb][et_pb_column type=\u00a0\u00bb2_3&Prime;][et_pb_code admin_label=\u00a0\u00bbListe des grands anniversaires\u00a0\u00bb _builder_version=\u00a0\u00bb3.0.64&Prime;]\t<div class=\"et_pb_text et_pb_module et_pb_bg_layout_light et_pb_text_align_left compoanniv_titre\">\n\t\t<div class=\"et_pb_text_inner\">\n\t\t\t<p><span class=\"et-pb-icon et-waypoint et_pb_animation_top et-animated\" style=\"color: #f57125; font-size: 24px; float: left; margin-right: 20px;\">?<\/span><\/p>\n\t\t\t<h1>Compositeurs :&nbsp;Grands anniversaires<\/h1>\n\t\t<\/div>\n\t<\/div> \n\t<!-- .et_pb_text -->\n\t<div class=\"et_pb_text et_pb_module et_pb_bg_layout_light et_pb_text_align_left compoanniv_texte_debut\">\n\t\t<div class=\"et_pb_text_inner\">\n\t\t\t<p>La version limit\u00e9e gratuite de Musica ne donne acc\u00e8s qu\u2019aux anniversaires de 2026 !<br>\n\t\t\t\tpour un acc\u00e8s complet de 2026 \u00e0 2029 , vous devez \u00eatre utilisateur privil\u00e9gi\u00e9.<\/p><p><strong>Choisissez l\u2019ann\u00e9e que vous voulez consulter :<\/strong><\/p>\t\t<\/div>\n\t<\/div> \n\t<!-- .et_pb_text -->\n\t<div id=\"anniversaires\" class=\"et_pb_text et_pb_module et_pb_bg_layout_light et_pb_text_align_left compoanniv_table\">\n\t\t<div class=\"et_pb_text_inner\">\n\t\t\t\t\t\t\t<table width=\"100%\">\n\t\t\t\t\t<tbody>\n\t\t\t\t\t\t<tr align=\"center\">\n\t\t\t\t\t\t<td rowspan=\"2\" bgcolor=\"#f57125\" width=\"25%\"><span style=\"font-weight: bold; font-size: 16pt; color: #fff;\">2026<\/span><\/td>\n\t\t\t\t\t\t<td width=\"75%\">\n\t\t\t\t\t\t\t\t\t\t\t\t\t\t\t\t<a href=\"https:\/\/www.musicanet.org\/fr\/fonctionnalites\/compositeurs\/grands-anniversaires\/birth\/2026\/\" rel=\"noopener\">Anniversaires de naissance<\/a>\n\t\t\t\t\t\t\t\t\t\t\t\t\t\t\t<\/td>\n\t\t\t\t\t\t<\/tr>\n\t\t\t\t\t\t<tr align=\"center\">\n\t\t\t\t\t\t<td bgcolor=\"#efefef\" width=\"75%\">\n\t\t\t\t\t\t\t\n\t\t\t\t\t\t\t\t\t\t\t\t\t\t\t\t<a href=\"https:\/\/www.musicanet.org\/fr\/fonctionnalites\/compositeurs\/grands-anniversaires\/death\/2026\/\" rel=\"noopener\">Anniversaires de mort<\/a>\n\t\t\t\t\t\t\t\t\t\t\t\t\t\t\t\t\n\t\t\t\t\t\t<\/td>\n\t\t\t\t\t\t<\/tr>\n\t\t\t\t\t<\/tbody>\n\t\t\t\t<\/table>\n\t\t\t\t\t\t\t<table width=\"100%\">\n\t\t\t\t\t<tbody>\n\t\t\t\t\t\t<tr align=\"center\">\n\t\t\t\t\t\t<td rowspan=\"2\" bgcolor=\"#f57125\" width=\"25%\"><span style=\"font-weight: bold; font-size: 16pt; color: #fff;\">2027<\/span><\/td>\n\t\t\t\t\t\t<td width=\"75%\">\n\t\t\t\t\t\t\t\t\t\t\t\t\t\t\t\t<span style=\"color: ##d3d3d3;\">\t\n\t\t\t\t\t\t\t\t\tAnniversaires de naissance*\t\t\t\t\t\t\t\t\t<\/span>\n\t\t\t\t\t\t\t\t\t\t\t\t\t\t\t<\/td>\n\t\t\t\t\t\t<\/tr>\n\t\t\t\t\t\t<tr align=\"center\">\n\t\t\t\t\t\t<td bgcolor=\"#efefef\" width=\"75%\">\n\t\t\t\t\t\t\t\n\t\t\t\t\t\t\t\t\t\t\t\t\t\t\t\t<span style=\"color: ##d3d3d3;\">\t\n\t\t\t\t\t\t\t\t\tAnniversaires de mort*\t\t\t\t\t\t\t\t\t<\/span>\n\t\t\t\t\t\t\t\t\t\t\t\t\t\t\t\t\n\t\t\t\t\t\t<\/td>\n\t\t\t\t\t\t<\/tr>\n\t\t\t\t\t<\/tbody>\n\t\t\t\t<\/table>\n\t\t\t\t\t\t\t<table width=\"100%\">\n\t\t\t\t\t<tbody>\n\t\t\t\t\t\t<tr align=\"center\">\n\t\t\t\t\t\t<td rowspan=\"2\" bgcolor=\"#f57125\" width=\"25%\"><span style=\"font-weight: bold; font-size: 16pt; color: #fff;\">2028<\/span><\/td>\n\t\t\t\t\t\t<td width=\"75%\">\n\t\t\t\t\t\t\t\t\t\t\t\t\t\t\t\t<span style=\"color: ##d3d3d3;\">\t\n\t\t\t\t\t\t\t\t\tAnniversaires de naissance*\t\t\t\t\t\t\t\t\t<\/span>\n\t\t\t\t\t\t\t\t\t\t\t\t\t\t\t<\/td>\n\t\t\t\t\t\t<\/tr>\n\t\t\t\t\t\t<tr align=\"center\">\n\t\t\t\t\t\t<td bgcolor=\"#efefef\" width=\"75%\">\n\t\t\t\t\t\t\t\n\t\t\t\t\t\t\t\t\t\t\t\t\t\t\t\t<span style=\"color: ##d3d3d3;\">\t\n\t\t\t\t\t\t\t\t\tAnniversaires de mort*\t\t\t\t\t\t\t\t\t<\/span>\n\t\t\t\t\t\t\t\t\t\t\t\t\t\t\t\t\n\t\t\t\t\t\t<\/td>\n\t\t\t\t\t\t<\/tr>\n\t\t\t\t\t<\/tbody>\n\t\t\t\t<\/table>\n\t\t\t\t\t\t\t<table width=\"100%\">\n\t\t\t\t\t<tbody>\n\t\t\t\t\t\t<tr align=\"center\">\n\t\t\t\t\t\t<td rowspan=\"2\" bgcolor=\"#f57125\" width=\"25%\"><span style=\"font-weight: bold; font-size: 16pt; color: #fff;\">2029<\/span><\/td>\n\t\t\t\t\t\t<td width=\"75%\">\n\t\t\t\t\t\t\t\t\t\t\t\t\t\t\t\t<span style=\"color: ##d3d3d3;\">\t\n\t\t\t\t\t\t\t\t\tAnniversaires de naissance*\t\t\t\t\t\t\t\t\t<\/span>\n\t\t\t\t\t\t\t\t\t\t\t\t\t\t\t<\/td>\n\t\t\t\t\t\t<\/tr>\n\t\t\t\t\t\t<tr align=\"center\">\n\t\t\t\t\t\t<td bgcolor=\"#efefef\" width=\"75%\">\n\t\t\t\t\t\t\t\n\t\t\t\t\t\t\t\t\t\t\t\t\t\t\t\t<span style=\"color: ##d3d3d3;\">\t\n\t\t\t\t\t\t\t\t\tAnniversaires de mort*\t\t\t\t\t\t\t\t\t<\/span>\n\t\t\t\t\t\t\t\t\t\t\t\t\t\t\t\t\n\t\t\t\t\t\t<\/td>\n\t\t\t\t\t\t<\/tr>\n\t\t\t\t\t<\/tbody>\n\t\t\t\t<\/table>\n\t\t\t\t\t<\/div>\n\t<\/div>\n\t<!-- .et_pb_text -->\n\t<div class=\"et_pb_text et_pb_module et_pb_bg_layout_light et_pb_text_align_left compoanniv_texte_fin\">\n\t\t\t\t\t<div class=\"et_pb_text_inner\">\n\t\t\t\t<p><strong>* R\u00e9serv\u00e9 aux <a href=\"https:\/\/www.musicanet.org\/fr\/utilisateur-privilegie\/\">utilisateurs privil\u00e9gi\u00e9s<\/a><\/strong><\/p>\t\t\t<\/div>\n\t\t\t\t<\/div> <!-- .et_pb_text -->\t\n\t[\/et_pb_code][\/et_pb_column][et_pb_column type=\u00a0\u00bb1_3&Prime;][et_pb_sidebar admin_label=\u00a0\u00bbSidebar\u00a0\u00bb orientation=\u00a0\u00bbright\u00a0\u00bb background_layout=\u00a0\u00bblight\u00a0\u00bb area=\u00a0\u00bbsidebar-main\u00a0\u00bb remove_border=\u00a0\u00bbon\u00a0\u00bb \/][\/et_pb_column][\/et_pb_row][\/et_pb_section]<\/p>\n","protected":false},"excerpt":{"rendered":"<p>? Compositeurs :&nbsp;Grands anniversaires La version limit\u00e9e gratuite de Musica ne donne acc\u00e8s qu\u2019aux anniversaires de 2026 ! pour un acc\u00e8s complet de 2026 \u00e0 2029 , vous devez \u00eatre utilisateur privil\u00e9gi\u00e9.Choisissez l\u2019ann\u00e9e que vous voulez consulter : 2026 Anniversaires de naissance Anniversaires de mort 2027 Anniversaires de naissance* Anniversaires de mort* 2028 Anniversaires de [&hellip;]<\/p>\n","protected":false},"author":1,"featured_media":0,"parent":249,"menu_order":0,"comment_status":"closed","ping_status":"closed","template":"page-template-fullwidth.php","meta":{"_et_pb_use_builder":"on","_et_pb_old_content":"","_et_gb_content_width":"","footnotes":""},"class_list":["post-251","page","type-page","status-publish","hentry"],"_links":{"self":[{"href":"https:\/\/www.musicanet.org\/fr\/wp-json\/wp\/v2\/pages\/251\/"}],"collection":[{"href":"https:\/\/www.musicanet.org\/fr\/wp-json\/wp\/v2\/pages\/"}],"about":[{"href":"https:\/\/www.musicanet.org\/fr\/wp-json\/wp\/v2\/types\/page\/"}],"author":[{"embeddable":true,"href":"https:\/\/www.musicanet.org\/fr\/wp-json\/wp\/v2\/users\/1\/"}],"replies":[{"embeddable":true,"href":"https:\/\/www.musicanet.org\/fr\/wp-json\/wp\/v2\/comments\/?post=251"}],"version-history":[{"count":0,"href":"https:\/\/www.musicanet.org\/fr\/wp-json\/wp\/v2\/pages\/251\/revisions\/"}],"up":[{"embeddable":true,"href":"https:\/\/www.musicanet.org\/fr\/wp-json\/wp\/v2\/pages\/249\/"}],"wp:attachment":[{"href":"https:\/\/www.musicanet.org\/fr\/wp-json\/wp\/v2\/media\/?parent=251"}],"curies":[{"name":"wp","href":"https:\/\/api.w.org\/{rel}","templated":true}]}}