{"id":2067,"date":"2017-07-10T14:33:17","date_gmt":"2017-07-10T12:33:17","guid":{"rendered":"http:\/\/new.musicanet.org\/?page_id=2067"},"modified":"2023-12-14T19:19:44","modified_gmt":"2023-12-14T18:19:44","slug":"projets","status":"publish","type":"page","link":"https:\/\/www.musicanet.org\/fr\/projets\/","title":{"rendered":"Projets"},"content":{"rendered":"<p>[et_pb_section fb_built=\u00a0\u00bb1&Prime; _builder_version=\u00a0\u00bb3.22&Prime; background_color=\u00a0\u00bbrgba(236,240,245,0)\u00a0\u00bb parallax=\u00a0\u00bbon\u00a0\u00bb custom_padding=\u00a0\u00bb0px||0px|\u00a0\u00bb][et_pb_row column_structure=\u00a0\u00bb3_4,1_4&Prime; use_custom_gutter=\u00a0\u00bbon\u00a0\u00bb gutter_width=\u00a0\u00bb2&Prime; _builder_version=\u00a0\u00bb4.9.10&Prime; background_size=\u00a0\u00bbinitial\u00a0\u00bb background_position=\u00a0\u00bbtop_left\u00a0\u00bb background_repeat=\u00a0\u00bbrepeat\u00a0\u00bb custom_padding=\u00a0\u00bb||0px|\u00a0\u00bb hover_enabled=\u00a0\u00bb0&Prime; make_fullwidth=\u00a0\u00bboff\u00a0\u00bb use_custom_width=\u00a0\u00bboff\u00a0\u00bb width_unit=\u00a0\u00bbon\u00a0\u00bb sticky_enabled=\u00a0\u00bb0&Prime;][et_pb_column type=\u00a0\u00bb3_4&Prime; _builder_version=\u00a0\u00bb3.25&Prime; custom_padding=\u00a0\u00bb|||\u00a0\u00bb custom_padding__hover=\u00a0\u00bb|||\u00a0\u00bb][et_pb_text admin_label=\u00a0\u00bbProjets\u00a0\u00bb _builder_version=\u00a0\u00bb4.9.10&Prime; text_font=\u00a0\u00bb|||on|\u00a0\u00bb text_text_color=\u00a0\u00bb#FFFFFF\u00a0\u00bb text_font_size=\u00a0\u00bb18px\u00a0\u00bb header_font=\u00a0\u00bb|||on|\u00a0\u00bb header_text_color=\u00a0\u00bb#FFFFFF\u00a0\u00bb header_font_size=\u00a0\u00bb18px\u00a0\u00bb header_line_height=\u00a0\u00bb1.6em\u00a0\u00bb background_color=\u00a0\u00bb#ffffff\u00a0\u00bb use_background_color_gradient=\u00a0\u00bbon\u00a0\u00bb background_color_gradient_start=\u00a0\u00bb#f07125&Prime; background_color_gradient_end=\u00a0\u00bb#f9aa44&Prime; background_color_gradient_direction=\u00a0\u00bb68deg\u00a0\u00bb background_size=\u00a0\u00bbinitial\u00a0\u00bb background_position=\u00a0\u00bbtop_left\u00a0\u00bb background_repeat=\u00a0\u00bbrepeat\u00a0\u00bb z_index=\u00a0\u00bb-10&Prime; custom_margin=\u00a0\u00bb||0px||false|false\u00a0\u00bb custom_padding=\u00a0\u00bb20px|20px|5px|20px\u00a0\u00bb text_text_shadow_style=\u00a0\u00bbpreset2&Prime; text_text_shadow_horizontal_length=\u00a0\u00bb0.09em\u00a0\u00bb text_text_shadow_vertical_length=\u00a0\u00bb0.09em\u00a0\u00bb text_text_shadow_blur_strength=\u00a0\u00bb0.06em\u00a0\u00bb border_radii=\u00a0\u00bboff|5px|5px||\u00a0\u00bb border_width_top=\u00a0\u00bb1px\u00a0\u00bb border_color_top=\u00a0\u00bbrgba(229,85,0,0.9)\u00a0\u00bb border_width_right=\u00a0\u00bb1px\u00a0\u00bb border_width_left=\u00a0\u00bb1px\u00a0\u00bb box_shadow_style=\u00a0\u00bbpreset2&Prime; box_shadow_horizontal=\u00a0\u00bb3px\u00a0\u00bb box_shadow_vertical=\u00a0\u00bb3px\u00a0\u00bb box_shadow_blur=\u00a0\u00bb4px\u00a0\u00bb box_shadow_color=\u00a0\u00bbrgba(0,0,0,0.15)\u00a0\u00bb border_style=\u00a0\u00bbsolid\u00a0\u00bb]<span class=\"et-pb-icon et-waypoint et_pb_animation_top et-animated\" style=\"color: #ffffff; font-size: 24px; float: left; margin-right: 20px;\">\ue05a<\/span><\/p>\n<h1>Projets<\/h1>\n<p>[\/et_pb_text][et_pb_blog fullwidth=\u00a0\u00bboff\u00a0\u00bb posts_number=\u00a0\u00bb2&Prime; include_categories=\u00a0\u00bb19&Prime; show_more=\u00a0\u00bbon\u00a0\u00bb show_author=\u00a0\u00bboff\u00a0\u00bb show_date=\u00a0\u00bboff\u00a0\u00bb show_categories=\u00a0\u00bboff\u00a0\u00bb show_pagination=\u00a0\u00bboff\u00a0\u00bb admin_label=\u00a0\u00bbArticles Distinctions\u00a0\u00bb _builder_version=\u00a0\u00bb4.9.10&Prime; _module_preset=\u00a0\u00bbdefault\u00a0\u00bb header_text_align=\u00a0\u00bbjustify\u00a0\u00bb header_text_color=\u00a0\u00bb#F07125&Prime; body_text_align=\u00a0\u00bbjustify\u00a0\u00bb body_text_color=\u00a0\u00bb#555555&Prime; meta_text_align=\u00a0\u00bbright\u00a0\u00bb read_more_font=\u00a0\u00bb|700|||||||\u00a0\u00bb read_more_text_color=\u00a0\u00bb#FFFFFF\u00a0\u00bb read_more_line_height=\u00a0\u00bb3.4em\u00a0\u00bb background_color=\u00a0\u00bb#FFFFFF\u00a0\u00bb custom_margin=\u00a0\u00bb||20px||false|false\u00a0\u00bb custom_padding=\u00a0\u00bb20px|20px|0px|20px|false|true\u00a0\u00bb link_option_url_new_window=\u00a0\u00bbon\u00a0\u00bb custom_css_main_element=\u00a0\u00bbborder-radius: 0 0 5px 5px;||border: 1px solid rgba(229,85,0,0.6);||box-shadow: 3px 3px 4px 0px rgba(0,0,0,0.15);\u00a0\u00bb custom_css_title=\u00a0\u00bbmargin-top: -15px;\u00a0\u00bb custom_css_featured_image=\u00a0\u00bbmargin-bottom: 0px;\u00a0\u00bb custom_css_read_more=\u00a0\u00bbbackground: linear-gradient(68deg,#f07125 0%,#f09c25 100%);||text-shadow: 0.09em 0.09em 0.05em rgba(0,0,0,0.5);||border: 1px solid #e55500;||border-radius: 5px;||padding: 7px 12px;\u00a0\u00bb border_radii=\u00a0\u00bbon|5px|5px|5px|5px\u00a0\u00bb border_radii_image=\u00a0\u00bbon|5px|5px|5px|5px\u00a0\u00bb border_width_all_image=\u00a0\u00bb1px\u00a0\u00bb border_color_all_image=\u00a0\u00bb#bbbbbb\u00a0\u00bb locked=\u00a0\u00bboff\u00a0\u00bb][\/et_pb_blog][\/et_pb_column][et_pb_column type=\u00a0\u00bb1_4&Prime; _builder_version=\u00a0\u00bb3.25&Prime; custom_padding=\u00a0\u00bb|||\u00a0\u00bb custom_padding__hover=\u00a0\u00bb|||\u00a0\u00bb][et_pb_sidebar orientation=\u00a0\u00bbright\u00a0\u00bb area=\u00a0\u00bbsidebar-main\u00a0\u00bb show_border=\u00a0\u00bboff\u00a0\u00bb admin_label=\u00a0\u00bbSidebar\u00a0\u00bb _builder_version=\u00a0\u00bb3.0.74&Prime; remove_border=\u00a0\u00bbon\u00a0\u00bb][\/et_pb_sidebar][\/et_pb_column][\/et_pb_row][\/et_pb_section]<\/p>\n","protected":false},"excerpt":{"rendered":"<p>\ue05a Projets Sing Me In Ce projet a pour but de fournir aux chefs de ch\u0153urs d\u2019enfants et de jeunes et aux professeurs de musique des approches p\u00e9dagogiques et des outils permettant aux activit\u00e9s de chant collectif de jouer un r\u00f4le positif dans le processus d\u2019int\u00e9gration de jeunes migrants. lire plus Musica et le projet [&hellip;]<\/p>\n","protected":false},"author":1,"featured_media":0,"parent":0,"menu_order":0,"comment_status":"closed","ping_status":"closed","template":"page-template-fullwidth.php","meta":{"_et_pb_use_builder":"on","_et_pb_old_content":"","_et_gb_content_width":"","footnotes":""},"class_list":["post-2067","page","type-page","status-publish","hentry"],"_links":{"self":[{"href":"https:\/\/www.musicanet.org\/fr\/wp-json\/wp\/v2\/pages\/2067","targetHints":{"allow":["GET"]}}],"collection":[{"href":"https:\/\/www.musicanet.org\/fr\/wp-json\/wp\/v2\/pages"}],"about":[{"href":"https:\/\/www.musicanet.org\/fr\/wp-json\/wp\/v2\/types\/page"}],"author":[{"embeddable":true,"href":"https:\/\/www.musicanet.org\/fr\/wp-json\/wp\/v2\/users\/1"}],"replies":[{"embeddable":true,"href":"https:\/\/www.musicanet.org\/fr\/wp-json\/wp\/v2\/comments?post=2067"}],"version-history":[{"count":0,"href":"https:\/\/www.musicanet.org\/fr\/wp-json\/wp\/v2\/pages\/2067\/revisions"}],"wp:attachment":[{"href":"https:\/\/www.musicanet.org\/fr\/wp-json\/wp\/v2\/media?parent=2067"}],"curies":[{"name":"wp","href":"https:\/\/api.w.org\/{rel}","templated":true}]}}