{"id":2052,"date":"2017-07-10T11:26:34","date_gmt":"2017-07-10T09:26:34","guid":{"rendered":"http:\/\/new.musicanet.org\/?page_id=2052"},"modified":"2025-11-18T18:50:15","modified_gmt":"2025-11-18T17:50:15","slug":"utilisateur-privilegie","status":"publish","type":"page","link":"https:\/\/www.musicanet.org\/fr\/utilisateur-privilegie\/","title":{"rendered":"Devenir Utilisateur privil\u00e9gi\u00e9"},"content":{"rendered":"<p>[et_pb_section fb_built=\u00a0\u00bb1&Prime; _builder_version=\u00a0\u00bb3.22&Prime; background_color=\u00a0\u00bbrgba(236,240,245,0)\u00a0\u00bb parallax=\u00a0\u00bbon\u00a0\u00bb custom_padding=\u00a0\u00bb0px||0px|\u00a0\u00bb][et_pb_row column_structure=\u00a0\u00bb2_3,1_3&Prime; use_custom_gutter=\u00a0\u00bbon\u00a0\u00bb gutter_width=\u00a0\u00bb2&Prime; _builder_version=\u00a0\u00bb3.25&Prime; background_size=\u00a0\u00bbinitial\u00a0\u00bb background_position=\u00a0\u00bbtop_left\u00a0\u00bb background_repeat=\u00a0\u00bbrepeat\u00a0\u00bb custom_padding=\u00a0\u00bb||0px|\u00a0\u00bb make_fullwidth=\u00a0\u00bboff\u00a0\u00bb use_custom_width=\u00a0\u00bboff\u00a0\u00bb width_unit=\u00a0\u00bbon\u00a0\u00bb][et_pb_column type=\u00a0\u00bb2_3&Prime; _builder_version=\u00a0\u00bb3.25&Prime; custom_padding=\u00a0\u00bb|||\u00a0\u00bb custom_padding__hover=\u00a0\u00bb|||\u00a0\u00bb][et_pb_text admin_label=\u00a0\u00bbTitre\u00a0\u00bb _builder_version=\u00a0\u00bb4.9.10&Prime; text_font=\u00a0\u00bb|||on|\u00a0\u00bb text_text_color=\u00a0\u00bb#FFFFFF\u00a0\u00bb text_font_size=\u00a0\u00bb18px\u00a0\u00bb header_font=\u00a0\u00bb|||on|\u00a0\u00bb header_text_color=\u00a0\u00bb#FFFFFF\u00a0\u00bb header_font_size=\u00a0\u00bb18px\u00a0\u00bb header_line_height=\u00a0\u00bb1.6em\u00a0\u00bb background_color=\u00a0\u00bb#ffffff\u00a0\u00bb use_background_color_gradient=\u00a0\u00bbon\u00a0\u00bb background_color_gradient_start=\u00a0\u00bb#f07125&Prime; background_color_gradient_end=\u00a0\u00bb#f9aa44&Prime; background_color_gradient_direction=\u00a0\u00bb68deg\u00a0\u00bb background_size=\u00a0\u00bbinitial\u00a0\u00bb background_position=\u00a0\u00bbtop_left\u00a0\u00bb background_repeat=\u00a0\u00bbrepeat\u00a0\u00bb custom_margin=\u00a0\u00bb||0px||false|false\u00a0\u00bb custom_padding=\u00a0\u00bb20px|20px|5px|20px\u00a0\u00bb custom_css_main_element=\u00a0\u00bbz-index: -100;\u00a0\u00bb text_text_shadow_style=\u00a0\u00bbpreset2&Prime; text_text_shadow_horizontal_length=\u00a0\u00bb0.09em\u00a0\u00bb text_text_shadow_vertical_length=\u00a0\u00bb0.09em\u00a0\u00bb text_text_shadow_blur_strength=\u00a0\u00bb0.06em\u00a0\u00bb border_radii=\u00a0\u00bboff|5px|5px||\u00a0\u00bb border_width_top=\u00a0\u00bb1px\u00a0\u00bb border_color_top=\u00a0\u00bbrgba(229,85,0,0.9)\u00a0\u00bb border_width_right=\u00a0\u00bb1px\u00a0\u00bb border_width_left=\u00a0\u00bb1px\u00a0\u00bb box_shadow_style=\u00a0\u00bbpreset2&Prime; box_shadow_horizontal=\u00a0\u00bb3px\u00a0\u00bb box_shadow_vertical=\u00a0\u00bb3px\u00a0\u00bb box_shadow_blur=\u00a0\u00bb4px\u00a0\u00bb box_shadow_color=\u00a0\u00bbrgba(0,0,0,0.15)\u00a0\u00bb border_style=\u00a0\u00bbsolid\u00a0\u00bb saved_tabs=\u00a0\u00bball\u00a0\u00bb]<span class=\"et-pb-icon et-waypoint et_pb_animation_top et-animated\" style=\"color: #ffffff; margin-right: 20px;\">\ue0e0<\/span><\/p>\n<h1>Devenir utilisateur privil\u00e9gi\u00e9<\/h1>\n<p>[\/et_pb_text][et_pb_text admin_label=\u00a0\u00bbMembres privil\u00e9gi\u00e9s\u00a0\u00bb module_id=\u00a0\u00bbmembres\u00a0\u00bb _builder_version=\u00a0\u00bb4.9.10&Prime; background_color=\u00a0\u00bb#ffffff\u00a0\u00bb custom_margin=\u00a0\u00bb||0px||false|false\u00a0\u00bb custom_padding=\u00a0\u00bb1px|30px|5px|30px|false|false\u00a0\u00bb custom_css_main_element=\u00a0\u00bbborder-top: 0px;||z-index: -50;\u00a0\u00bb border_width_all=\u00a0\u00bb1px\u00a0\u00bb border_color_all=\u00a0\u00bbRGBA(229,85,0,0.6)\u00a0\u00bb border_width_top=\u00a0\u00bb0px\u00a0\u00bb border_width_bottom=\u00a0\u00bb0px\u00a0\u00bb box_shadow_style=\u00a0\u00bbpreset2&Prime; box_shadow_horizontal=\u00a0\u00bb3px\u00a0\u00bb box_shadow_vertical=\u00a0\u00bb3px\u00a0\u00bb box_shadow_blur=\u00a0\u00bb4px\u00a0\u00bb box_shadow_color=\u00a0\u00bbRGBA(0,0,0,0.15)\u00a0\u00bb border_color=\u00a0\u00bb#e02b20&Prime; border_width=\u00a0\u00bb4px\u00a0\u00bb border_style=\u00a0\u00bbsolid\u00a0\u00bb]<\/p>\n<table class=\"aligncenter\" style=\"width: 100%; border-collapse: collapse; color: #555; background: rgba(245, 246, 249, 0.7); margin-top: 20px; padding: 20px 30px; border-color: #d6d6d6; border-style: solid; border-radius: 5px; box-shadow: 0 0 45px rgba(0, 0, 0, 0.08) inset;\" border=\"0px none\">\n<tbody>\n<tr>\n<td style=\"width: 100%; border: 0px none;\"><em><span style=\"color: #666666; font-size: 16px;\">Un <strong>utilisateur privil\u00e9gi\u00e9<\/strong> est un utilisateur qui dispose d\u2019un <strong>acc\u00e8s complet sans restrictions<\/strong> au site www.musicanet.org<\/span><\/em><\/td>\n<\/tr>\n<\/tbody>\n<\/table>\n<p style=\"text-align: center; font-variant: small-caps; font-size: 17px; padding-top: 12px; line-height: 1.4;\">Un tel acc\u00e8s est vivement recommand\u00e9<br \/>pour toute utilisation professionnelle ou r\u00e9guli\u00e8re de Musica.<\/p>\n<h4 style=\"padding-top: 20px;\"><span style=\"color: #e55500;\">Principaux avantages :<\/span><\/h4>\n<p>[\/et_pb_text][et_pb_toggle title=\u00a0\u00bb\u25ba Suppression des limitations\u00a0\u00bb icon_color=\u00a0\u00bb#FFFFFF\u00a0\u00bb use_icon_font_size=\u00a0\u00bbon\u00a0\u00bb icon_font_size=\u00a0\u00bb22px\u00a0\u00bb admin_label=\u00a0\u00bbBascule &#8211; Suppression limitations\u00a0\u00bb _builder_version=\u00a0\u00bb4.9.10&Prime; _module_preset=\u00a0\u00bbdefault\u00a0\u00bb title_text_color=\u00a0\u00bb#FFFFFF\u00a0\u00bb title_font_size=\u00a0\u00bb15px\u00a0\u00bb closed_title_font_size=\u00a0\u00bb15px\u00a0\u00bb body_text_align=\u00a0\u00bbjustify\u00a0\u00bb body_text_color=\u00a0\u00bb#555555&Prime; background_color=\u00a0\u00bb#FFFFFF\u00a0\u00bb custom_margin=\u00a0\u00bb-3px||0px||false|false\u00a0\u00bb custom_padding=\u00a0\u00bb0px|25px|6px|25px|false|false\u00a0\u00bb custom_css_toggle_title=\u00a0\u00bbborder: 1px solid rgba(240,156,37,0.6);||padding: 10px 10px 11px 15px;||border-radius: 5px;||background: linear-gradient(68deg, rgba(249,170,68,1) 0%, rgba(255,238,170,1) 100%);\u00a0\u00bb custom_css_toggle_icon=\u00a0\u00bbcontent: %22%92e048%22;||padding-right: 20px;||text-shadow: 0.09em 0.09em 0.05em rgba(0,0,0,0.5);\u00a0\u00bb custom_css_toggle_content=\u00a0\u00bbborder: 1px solid #d6d6d6;||border-top: none;||border-radius: 0 0 5px 5px;||padding: 12px 20px;||margin-top: -3px;\u00a0\u00bb title_text_shadow_style=\u00a0\u00bbpreset5&Prime; title_text_shadow_horizontal_length=\u00a0\u00bb0.09em\u00a0\u00bb title_text_shadow_vertical_length=\u00a0\u00bb0.09em\u00a0\u00bb title_text_shadow_blur_strength=\u00a0\u00bb0.05em\u00a0\u00bb title_text_shadow_color=\u00a0\u00bbrgba(0,0,0,0.5)\u00a0\u00bb border_width_top=\u00a0\u00bb0px\u00a0\u00bb border_color_top=\u00a0\u00bbRGBA(229,85,0,0.6)\u00a0\u00bb border_color_right=\u00a0\u00bbRGBA(229,85,0,0.6)\u00a0\u00bb border_width_bottom=\u00a0\u00bb0px\u00a0\u00bb border_color_left=\u00a0\u00bbRGBA(229,85,0,0.6)\u00a0\u00bb box_shadow_style=\u00a0\u00bbpreset2&Prime; box_shadow_horizontal=\u00a0\u00bb3px\u00a0\u00bb box_shadow_vertical=\u00a0\u00bb3px\u00a0\u00bb box_shadow_blur=\u00a0\u00bb4px\u00a0\u00bb box_shadow_color=\u00a0\u00bbRGBA(0,0,0,0.15)\u00a0\u00bb custom_css_toggle_title__hover_enabled=\u00a0\u00bbon|hover\u00a0\u00bb custom_css_toggle_title__hover=\u00a0\u00bbbackground: linear-gradient(68deg,#f07125 0%,#f9aa44 100%);\u00a0\u00bb]<\/p>\n<p style=\"text-indent: 20px;\">Suppression de la limitation \u00e0 50 r\u00e9ponses lors des recherches.<\/p>\n<p>[\/et_pb_toggle][et_pb_toggle title=\u00a0\u00bb\u25ba Auditorium et grands anniversaires\u00a0\u00bb icon_color=\u00a0\u00bb#FFFFFF\u00a0\u00bb use_icon_font_size=\u00a0\u00bbon\u00a0\u00bb icon_font_size=\u00a0\u00bb22px\u00a0\u00bb admin_label=\u00a0\u00bbBascule &#8211; Auditorium \/ Anniversaires\u00a0\u00bb _builder_version=\u00a0\u00bb4.9.10&Prime; _module_preset=\u00a0\u00bbdefault\u00a0\u00bb title_text_color=\u00a0\u00bb#FFFFFF\u00a0\u00bb title_font_size=\u00a0\u00bb15px\u00a0\u00bb closed_title_font_size=\u00a0\u00bb15px\u00a0\u00bb body_text_align=\u00a0\u00bbjustify\u00a0\u00bb body_text_color=\u00a0\u00bb#555555&Prime; background_color=\u00a0\u00bb#FFFFFF\u00a0\u00bb custom_margin=\u00a0\u00bb-3px||0px||false|false\u00a0\u00bb custom_padding=\u00a0\u00bb0px|25px|6px|25px|false|false\u00a0\u00bb custom_css_main_element=\u00a0\u00bbz-index: 5;\u00a0\u00bb custom_css_toggle_title=\u00a0\u00bbborder: 1px solid rgba(240,156,37,0.6);||padding: 10px 10px 11px 15px;||border-radius: 5px;||background: linear-gradient(68deg, rgba(249,170,68,1) 0%, rgba(255,238,170,1) 100%);\u00a0\u00bb custom_css_toggle_icon=\u00a0\u00bbcontent: %22%92e048%22;||padding-right: 20px;||text-shadow: 0.09em 0.09em 0.05em rgba(0,0,0,0.5);\u00a0\u00bb custom_css_toggle_content=\u00a0\u00bbborder: 1px solid #d6d6d6;||border-top: none;||border-radius: 0 0 5px 5px;||padding: 12px 20px;||margin-top: -3px;\u00a0\u00bb title_text_shadow_style=\u00a0\u00bbpreset5&Prime; title_text_shadow_horizontal_length=\u00a0\u00bb0.09em\u00a0\u00bb title_text_shadow_vertical_length=\u00a0\u00bb0.09em\u00a0\u00bb title_text_shadow_blur_strength=\u00a0\u00bb0.05em\u00a0\u00bb title_text_shadow_color=\u00a0\u00bbrgba(0,0,0,0.5)\u00a0\u00bb border_width_top=\u00a0\u00bb0px\u00a0\u00bb border_color_top=\u00a0\u00bbRGBA(229,85,0,0.6)\u00a0\u00bb border_color_right=\u00a0\u00bbRGBA(229,85,0,0.6)\u00a0\u00bb border_width_bottom=\u00a0\u00bb0px\u00a0\u00bb border_color_left=\u00a0\u00bbRGBA(229,85,0,0.6)\u00a0\u00bb box_shadow_style=\u00a0\u00bbpreset2&Prime; box_shadow_horizontal=\u00a0\u00bb3px\u00a0\u00bb box_shadow_vertical=\u00a0\u00bb3px\u00a0\u00bb box_shadow_blur=\u00a0\u00bb4px\u00a0\u00bb box_shadow_color=\u00a0\u00bbRGBA(0,0,0,0.15)\u00a0\u00bb custom_css_toggle_title__hover_enabled=\u00a0\u00bbon|hover\u00a0\u00bb custom_css_toggle_title__hover=\u00a0\u00bbbackground: linear-gradient(68deg,#f07125 0%,#f9aa44 100%);\u00a0\u00bb]<\/p>\n<p style=\"text-indent: 20px;\">Acc\u00e8s <strong>\u00e0 l\u2019auditorium<\/strong>, une compilation de tous les extraits sonores illustrant la banque de donn\u00e9es <span style=\"font-size: 13px;\"><em>(des milliers!)<\/em><\/span>, pr\u00e9sent\u00e9e par ordre alphab\u00e9tique de compositeurs.<\/p>\n<p style=\"text-indent: 20px;\">Acc\u00e8s <strong>aux grands anniversaires<\/strong> de compositeurs pour l\u2019ann\u00e9e en cours et les 3 suivantes.<\/p>\n<p>[\/et_pb_toggle][et_pb_toggle title=\u00a0\u00bb\u25ba Saisie directe en ligne\u00a0\u00bb icon_color=\u00a0\u00bb#FFFFFF\u00a0\u00bb use_icon_font_size=\u00a0\u00bbon\u00a0\u00bb icon_font_size=\u00a0\u00bb22px\u00a0\u00bb admin_label=\u00a0\u00bbBascule &#8211; Saisie en ligne\u00a0\u00bb _builder_version=\u00a0\u00bb4.9.10&Prime; _module_preset=\u00a0\u00bbdefault\u00a0\u00bb title_text_color=\u00a0\u00bb#FFFFFF\u00a0\u00bb title_font_size=\u00a0\u00bb15px\u00a0\u00bb closed_title_font_size=\u00a0\u00bb15px\u00a0\u00bb body_text_align=\u00a0\u00bbjustify\u00a0\u00bb body_text_color=\u00a0\u00bb#555555&Prime; background_color=\u00a0\u00bb#FFFFFF\u00a0\u00bb custom_margin=\u00a0\u00bb-3px||0px||false|false\u00a0\u00bb custom_padding=\u00a0\u00bb0px|25px|6px|25px|false|false\u00a0\u00bb custom_css_main_element=\u00a0\u00bbz-index: 10;\u00a0\u00bb custom_css_toggle_title=\u00a0\u00bbborder: 1px solid rgba(240,156,37,0.6);||padding: 10px 10px 11px 15px;||border-radius: 5px;||background: linear-gradient(68deg, rgba(249,170,68,1) 0%, rgba(255,238,170,1) 100%);\u00a0\u00bb custom_css_toggle_icon=\u00a0\u00bbcontent: %22%92e048%22;||padding-right: 20px;||text-shadow: 0.09em 0.09em 0.05em rgba(0,0,0,0.5);\u00a0\u00bb custom_css_toggle_content=\u00a0\u00bbborder: 1px solid #d6d6d6;||border-top: none;||border-radius: 0 0 5px 5px;||padding: 12px 20px;||margin-top: -3px;\u00a0\u00bb title_text_shadow_style=\u00a0\u00bbpreset5&Prime; title_text_shadow_horizontal_length=\u00a0\u00bb0.09em\u00a0\u00bb title_text_shadow_vertical_length=\u00a0\u00bb0.09em\u00a0\u00bb title_text_shadow_blur_strength=\u00a0\u00bb0.05em\u00a0\u00bb title_text_shadow_color=\u00a0\u00bbrgba(0,0,0,0.5)\u00a0\u00bb border_width_top=\u00a0\u00bb0px\u00a0\u00bb border_color_top=\u00a0\u00bbRGBA(229,85,0,0.6)\u00a0\u00bb border_color_right=\u00a0\u00bbRGBA(229,85,0,0.6)\u00a0\u00bb border_width_bottom=\u00a0\u00bb0px\u00a0\u00bb border_color_left=\u00a0\u00bbRGBA(229,85,0,0.6)\u00a0\u00bb box_shadow_style=\u00a0\u00bbpreset2&Prime; box_shadow_horizontal=\u00a0\u00bb3px\u00a0\u00bb box_shadow_vertical=\u00a0\u00bb3px\u00a0\u00bb box_shadow_blur=\u00a0\u00bb4px\u00a0\u00bb box_shadow_color=\u00a0\u00bbRGBA(0,0,0,0.15)\u00a0\u00bb custom_css_toggle_title__hover_enabled=\u00a0\u00bbon|hover\u00a0\u00bb custom_css_toggle_title__hover=\u00a0\u00bbbackground: linear-gradient(68deg,#f07125 0%,#f9aa44 100%);\u00a0\u00bb]<\/p>\n<p style=\"text-indent: 20px;\">Sur demande, acc\u00e8s \u00e0 la saisie et \u00e0 la correction directement dans la banque de donn\u00e9es ma\u00eetre.<\/p>\n<p>[\/et_pb_toggle][et_pb_toggle title=\u00a0\u00bb\u25ba Format d&rsquo;impression\u00a0\u00bb icon_color=\u00a0\u00bb#FFFFFF\u00a0\u00bb use_icon_font_size=\u00a0\u00bbon\u00a0\u00bb icon_font_size=\u00a0\u00bb22px\u00a0\u00bb admin_label=\u00a0\u00bbBascule &#8211; Format d&rsquo;impression\u00a0\u00bb _builder_version=\u00a0\u00bb4.9.10&Prime; _module_preset=\u00a0\u00bbdefault\u00a0\u00bb title_text_color=\u00a0\u00bb#FFFFFF\u00a0\u00bb title_font_size=\u00a0\u00bb15px\u00a0\u00bb closed_title_font_size=\u00a0\u00bb15px\u00a0\u00bb body_text_align=\u00a0\u00bbjustify\u00a0\u00bb body_text_color=\u00a0\u00bb#555555&Prime; background_color=\u00a0\u00bb#FFFFFF\u00a0\u00bb custom_margin=\u00a0\u00bb-3px||0px||false|false\u00a0\u00bb custom_padding=\u00a0\u00bb0px|25px|6px|25px|false|false\u00a0\u00bb custom_css_main_element=\u00a0\u00bbz-index: 10;\u00a0\u00bb custom_css_toggle_title=\u00a0\u00bbborder: 1px solid rgba(240,156,37,0.6);||padding: 10px 10px 11px 15px;||border-radius: 5px;||background: linear-gradient(68deg, rgba(249,170,68,1) 0%, rgba(255,238,170,1) 100%);\u00a0\u00bb custom_css_toggle_icon=\u00a0\u00bbcontent: %22%92e048%22;||padding-right: 20px;||text-shadow: 0.09em 0.09em 0.05em rgba(0,0,0,0.5);\u00a0\u00bb custom_css_toggle_content=\u00a0\u00bbborder: 1px solid #d6d6d6;||border-top: none;||border-radius: 0 0 5px 5px;||padding: 12px 20px;||margin-top: -3px;\u00a0\u00bb title_text_shadow_style=\u00a0\u00bbpreset5&Prime; title_text_shadow_horizontal_length=\u00a0\u00bb0.09em\u00a0\u00bb title_text_shadow_vertical_length=\u00a0\u00bb0.09em\u00a0\u00bb title_text_shadow_blur_strength=\u00a0\u00bb0.05em\u00a0\u00bb title_text_shadow_color=\u00a0\u00bbrgba(0,0,0,0.5)\u00a0\u00bb border_width_top=\u00a0\u00bb0px\u00a0\u00bb border_color_top=\u00a0\u00bbRGBA(229,85,0,0.6)\u00a0\u00bb border_color_right=\u00a0\u00bbRGBA(229,85,0,0.6)\u00a0\u00bb border_width_bottom=\u00a0\u00bb0px\u00a0\u00bb border_color_left=\u00a0\u00bbRGBA(229,85,0,0.6)\u00a0\u00bb box_shadow_style=\u00a0\u00bbpreset2&Prime; box_shadow_horizontal=\u00a0\u00bb3px\u00a0\u00bb box_shadow_vertical=\u00a0\u00bb3px\u00a0\u00bb box_shadow_blur=\u00a0\u00bb4px\u00a0\u00bb box_shadow_color=\u00a0\u00bbRGBA(0,0,0,0.15)\u00a0\u00bb custom_css_toggle_title__hover=\u00a0\u00bbbackground: linear-gradient(68deg,#f07125 0%,#f9aa44 100%);\u00a0\u00bb custom_css_toggle_title__hover_enabled=\u00a0\u00bbon|hover\u00a0\u00bb]<\/p>\n<p style=\"text-indent: 20px;\">Possibilit\u00e9 d\u2019impression des listes <span style=\"font-size: 13px;\"><em>(avec un format con\u00e7u pour l\u2019impression)<\/em><\/span>.<\/p>\n<p>[\/et_pb_toggle][et_pb_toggle title=\u00a0\u00bb\u25ba Acc\u00e8s par IP Fixe\u00a0\u00bb icon_color=\u00a0\u00bb#FFFFFF\u00a0\u00bb use_icon_font_size=\u00a0\u00bbon\u00a0\u00bb icon_font_size=\u00a0\u00bb22px\u00a0\u00bb admin_label=\u00a0\u00bbBascule &#8211; IP Fixe\u00a0\u00bb _builder_version=\u00a0\u00bb4.9.10&Prime; _module_preset=\u00a0\u00bbdefault\u00a0\u00bb title_text_color=\u00a0\u00bb#FFFFFF\u00a0\u00bb title_font_size=\u00a0\u00bb15px\u00a0\u00bb closed_title_font_size=\u00a0\u00bb15px\u00a0\u00bb body_text_align=\u00a0\u00bbjustify\u00a0\u00bb body_text_color=\u00a0\u00bb#555555&Prime; background_color=\u00a0\u00bb#FFFFFF\u00a0\u00bb custom_margin=\u00a0\u00bb-3px||||false|false\u00a0\u00bb custom_padding=\u00a0\u00bb0px|25px|20px|25px|false|false\u00a0\u00bb custom_css_main_element=\u00a0\u00bbz-index: 20;\u00a0\u00bb custom_css_toggle_title=\u00a0\u00bbborder: 1px solid rgba(240,156,37,0.6);||padding: 10px 10px 11px 15px;||border-radius: 5px;||background: linear-gradient(68deg, rgba(249,170,68,1) 0%, rgba(255,238,170,1) 100%);\u00a0\u00bb custom_css_toggle_icon=\u00a0\u00bbcontent: %22%92e048%22;||padding-right: 20px;||text-shadow: 0.09em 0.09em 0.05em rgba(0,0,0,0.5);\u00a0\u00bb custom_css_toggle_content=\u00a0\u00bbborder: 1px solid #d6d6d6;||border-top: none;||border-radius: 0 0 5px 5px;||padding: 12px 20px;||margin-top: -3px;\u00a0\u00bb title_text_shadow_style=\u00a0\u00bbpreset5&Prime; title_text_shadow_horizontal_length=\u00a0\u00bb0.09em\u00a0\u00bb title_text_shadow_vertical_length=\u00a0\u00bb0.09em\u00a0\u00bb title_text_shadow_blur_strength=\u00a0\u00bb0.05em\u00a0\u00bb title_text_shadow_color=\u00a0\u00bbrgba(0,0,0,0.5)\u00a0\u00bb border_radii=\u00a0\u00bboff|||5px|5px\u00a0\u00bb border_width_top=\u00a0\u00bb0px\u00a0\u00bb border_color_top=\u00a0\u00bbRGBA(229,85,0,0.6)\u00a0\u00bb border_color_right=\u00a0\u00bbRGBA(229,85,0,0.6)\u00a0\u00bb border_color_bottom=\u00a0\u00bbRGBA(229,85,0,0.6)\u00a0\u00bb border_color_left=\u00a0\u00bbRGBA(229,85,0,0.6)\u00a0\u00bb box_shadow_style=\u00a0\u00bbpreset2&Prime; box_shadow_horizontal=\u00a0\u00bb3px\u00a0\u00bb box_shadow_vertical=\u00a0\u00bb3px\u00a0\u00bb box_shadow_blur=\u00a0\u00bb4px\u00a0\u00bb box_shadow_color=\u00a0\u00bbRGBA(0,0,0,0.15)\u00a0\u00bb custom_css_toggle_title_last_edited=\u00a0\u00bboff|desktop\u00a0\u00bb custom_css_toggle_title__hover_enabled=\u00a0\u00bbon|hover\u00a0\u00bb custom_css_toggle_title__hover=\u00a0\u00bbbackground: linear-gradient(68deg,#f07125 0%,#f9aa44 100%);\u00a0\u00bb]<\/p>\n<p style=\"text-indent: 20px;\">Suppression de l\u2019obligation de s\u2019identifier lors de la connexion, par d\u00e9tection automatique d\u2019une adresse IP fixe <span style=\"font-size: 13px;\"><em>(cas fr\u00e9quent d\u2019une biblioth\u00e8que)<\/em><\/span>.<\/p>\n<p>[\/et_pb_toggle][et_pb_text admin_label=\u00a0\u00bbFin du texte\u00a0\u00bb _builder_version=\u00a0\u00bb4.9.10&Prime; text_text_color=\u00a0\u00bb#555555&Prime; background_color=\u00a0\u00bb#fff2bb\u00a0\u00bb text_orientation=\u00a0\u00bbjustified\u00a0\u00bb custom_margin=\u00a0\u00bb0px||20px|\u00a0\u00bb custom_padding=\u00a0\u00bb15px|30px|20px|30px\u00a0\u00bb hover_enabled=\u00a0\u00bb0&Prime; border_radii=\u00a0\u00bbon|5px|5px|5px|5px\u00a0\u00bb border_width_all=\u00a0\u00bb3px\u00a0\u00bb border_color_all=\u00a0\u00bb#f07125&Prime; border_style_all=\u00a0\u00bbdouble\u00a0\u00bb box_shadow_style=\u00a0\u00bbpreset2&Prime; box_shadow_horizontal=\u00a0\u00bb3px\u00a0\u00bb box_shadow_vertical=\u00a0\u00bb3px\u00a0\u00bb box_shadow_blur=\u00a0\u00bb4px\u00a0\u00bb box_shadow_color=\u00a0\u00bbrgba(0,0,0,0.15)\u00a0\u00bb border_style=\u00a0\u00bbsolid\u00a0\u00bb sticky_enabled=\u00a0\u00bb0&Prime;]<\/p>\n<h4 style=\"text-align: center;\"><span style=\"color: #da4400;\">Comment b\u00e9n\u00e9ficier d&rsquo;un acc\u00e8s complet privil\u00e9gi\u00e9 ?<\/span><\/h4>\n<p><strong><u>Utilisation priv\u00e9e<\/u><\/strong> <em>( chef de choeur )<\/em> : Faites tout simplement <a href=\"https:\/\/www.musicanet.org\/fr\/page-de-don\/\">un don<\/a><br \/><strong><u>Utilisation professionnelle<\/u><\/strong> <em>( biblioth\u00e8que, magasin de musique, &#8230; )<\/em> : <a href=\"https:\/\/www.musicanet.org\/fr\/services\/abonnement-professionnel\/\">Souscrivez \u00e0 un abonnement<\/a> OU <a href=\"https:\/\/www.musicanet.org\/fr\/membres\/devenir-membre\/\">Devenez membre<\/a><\/p>\n<p>[\/et_pb_text][\/et_pb_column][et_pb_column type=\u00a0\u00bb1_3&Prime; _builder_version=\u00a0\u00bb3.25&Prime; custom_padding=\u00a0\u00bb|||\u00a0\u00bb custom_padding__hover=\u00a0\u00bb|||\u00a0\u00bb][et_pb_sidebar orientation=\u00a0\u00bbright\u00a0\u00bb area=\u00a0\u00bbsidebar-main\u00a0\u00bb show_border=\u00a0\u00bboff\u00a0\u00bb admin_label=\u00a0\u00bbSidebar\u00a0\u00bb _builder_version=\u00a0\u00bb3.0.74&Prime; remove_border=\u00a0\u00bbon\u00a0\u00bb][\/et_pb_sidebar][\/et_pb_column][\/et_pb_row][\/et_pb_section]<\/p>\n","protected":false},"excerpt":{"rendered":"<p>\ue0e0 Devenir utilisateur privil\u00e9gi\u00e9 Un utilisateur privil\u00e9gi\u00e9 est un utilisateur qui dispose d\u2019un acc\u00e8s complet sans restrictions au site www.musicanet.org Un tel acc\u00e8s est vivement recommand\u00e9pour toute utilisation professionnelle ou r\u00e9guli\u00e8re de Musica. Principaux avantages : \u25ba Suppression des limitations Suppression de la limitation \u00e0 50 r\u00e9ponses lors des recherches. \u25ba Auditorium et grands anniversaires [&hellip;]<\/p>\n","protected":false},"author":1,"featured_media":0,"parent":0,"menu_order":0,"comment_status":"closed","ping_status":"closed","template":"page-template-fullwidth.php","meta":{"_et_pb_use_builder":"on","_et_pb_old_content":"","_et_gb_content_width":"","footnotes":""},"class_list":["post-2052","page","type-page","status-publish","hentry"],"_links":{"self":[{"href":"https:\/\/www.musicanet.org\/fr\/wp-json\/wp\/v2\/pages\/2052\/"}],"collection":[{"href":"https:\/\/www.musicanet.org\/fr\/wp-json\/wp\/v2\/pages\/"}],"about":[{"href":"https:\/\/www.musicanet.org\/fr\/wp-json\/wp\/v2\/types\/page\/"}],"author":[{"embeddable":true,"href":"https:\/\/www.musicanet.org\/fr\/wp-json\/wp\/v2\/users\/1\/"}],"replies":[{"embeddable":true,"href":"https:\/\/www.musicanet.org\/fr\/wp-json\/wp\/v2\/comments\/?post=2052"}],"version-history":[{"count":0,"href":"https:\/\/www.musicanet.org\/fr\/wp-json\/wp\/v2\/pages\/2052\/revisions\/"}],"wp:attachment":[{"href":"https:\/\/www.musicanet.org\/fr\/wp-json\/wp\/v2\/media\/?parent=2052"}],"curies":[{"name":"wp","href":"https:\/\/api.w.org\/{rel}","templated":true}]}}