{"id":170,"date":"2017-02-16T16:29:02","date_gmt":"2017-02-16T15:29:02","guid":{"rendered":"http:\/\/new.musicanet.org\/?page_id=170"},"modified":"2025-01-27T20:36:48","modified_gmt":"2025-01-27T19:36:48","slug":"presentation","status":"publish","type":"page","link":"https:\/\/www.musicanet.org\/fr\/a-propos-de\/presentation\/","title":{"rendered":"Pr\u00e9sentation"},"content":{"rendered":"<p>[et_pb_section fb_built=\u00a0\u00bb1&Prime; _builder_version=\u00a0\u00bb3.22&Prime; background_color=\u00a0\u00bbrgba(236,240,245,0)\u00a0\u00bb parallax=\u00a0\u00bbon\u00a0\u00bb custom_padding=\u00a0\u00bb0px||0px|\u00a0\u00bb][et_pb_row column_structure=\u00a0\u00bb3_4,1_4&Prime; use_custom_gutter=\u00a0\u00bbon\u00a0\u00bb gutter_width=\u00a0\u00bb2&Prime; _builder_version=\u00a0\u00bb4.9.10&Prime; background_size=\u00a0\u00bbinitial\u00a0\u00bb background_position=\u00a0\u00bbtop_left\u00a0\u00bb background_repeat=\u00a0\u00bbrepeat\u00a0\u00bb custom_padding=\u00a0\u00bb||0px|\u00a0\u00bb make_fullwidth=\u00a0\u00bboff\u00a0\u00bb use_custom_width=\u00a0\u00bboff\u00a0\u00bb width_unit=\u00a0\u00bbon\u00a0\u00bb][et_pb_column type=\u00a0\u00bb3_4&Prime; _builder_version=\u00a0\u00bb3.25&Prime; custom_padding=\u00a0\u00bb|||\u00a0\u00bb custom_padding__hover=\u00a0\u00bb|||\u00a0\u00bb][et_pb_text admin_label=\u00a0\u00bbRecherche (titre)\u00a0\u00bb _builder_version=\u00a0\u00bb4.9.10&Prime; text_font=\u00a0\u00bb|||on|\u00a0\u00bb text_text_color=\u00a0\u00bb#FFFFFF\u00a0\u00bb text_font_size=\u00a0\u00bb18px\u00a0\u00bb header_font=\u00a0\u00bb|||on|\u00a0\u00bb header_text_color=\u00a0\u00bb#FFFFFF\u00a0\u00bb header_font_size=\u00a0\u00bb18px\u00a0\u00bb header_line_height=\u00a0\u00bb1.6em\u00a0\u00bb background_color=\u00a0\u00bb#ffffff\u00a0\u00bb use_background_color_gradient=\u00a0\u00bbon\u00a0\u00bb background_color_gradient_start=\u00a0\u00bb#f07125&Prime; background_color_gradient_end=\u00a0\u00bb#f9aa44&Prime; background_color_gradient_direction=\u00a0\u00bb68deg\u00a0\u00bb background_size=\u00a0\u00bbinitial\u00a0\u00bb background_position=\u00a0\u00bbtop_left\u00a0\u00bb background_repeat=\u00a0\u00bbrepeat\u00a0\u00bb custom_margin=\u00a0\u00bb0px||0px||true|false\u00a0\u00bb custom_padding=\u00a0\u00bb20px|20px|5px|20px\u00a0\u00bb text_text_shadow_style=\u00a0\u00bbpreset2&Prime; text_text_shadow_horizontal_length=\u00a0\u00bb0.09em\u00a0\u00bb text_text_shadow_vertical_length=\u00a0\u00bb0.09em\u00a0\u00bb text_text_shadow_blur_strength=\u00a0\u00bb0.06em\u00a0\u00bb border_radii=\u00a0\u00bboff|5px|5px||\u00a0\u00bb border_width_top=\u00a0\u00bb1px\u00a0\u00bb border_color_top=\u00a0\u00bbrgba(229,85,0,0.9)\u00a0\u00bb border_width_right=\u00a0\u00bb1px\u00a0\u00bb border_width_left=\u00a0\u00bb1px\u00a0\u00bb box_shadow_style=\u00a0\u00bbpreset2&Prime; box_shadow_horizontal=\u00a0\u00bb3px\u00a0\u00bb box_shadow_vertical=\u00a0\u00bb3px\u00a0\u00bb box_shadow_blur=\u00a0\u00bb4px\u00a0\u00bb box_shadow_color=\u00a0\u00bbrgba(0,0,0,0.15)\u00a0\u00bb border_style=\u00a0\u00bbsolid\u00a0\u00bb saved_tabs=\u00a0\u00bball\u00a0\u00bb]<\/p>\n<p><span class=\"et-pb-icon et-waypoint et_pb_animation_top et-animated\" style=\"color: #ffffff; margin-right: 20px;\">\ue058<\/span><\/p>\n<h1>Pr\u00e9sentation<\/h1>\n<p>[\/et_pb_text][et_pb_image src=\u00a0\u00bb\/wp-content\/uploads\/2017\/02\/presentation.jpg\u00a0\u00bb align_tablet=\u00a0\u00bbcenter\u00a0\u00bb align_phone=\u00a0\u00bb\u00a0\u00bb align_last_edited=\u00a0\u00bbon|desktop\u00a0\u00bb _builder_version=\u00a0\u00bb4.9.10&Prime; custom_margin=\u00a0\u00bb||0px||false|false\u00a0\u00bb border_width_right=\u00a0\u00bb1px\u00a0\u00bb border_color_right=\u00a0\u00bbRGBA(229,85,0,0.6)\u00a0\u00bb border_width_left=\u00a0\u00bb1px\u00a0\u00bb border_color_left=\u00a0\u00bbRGBA(229,85,0,0.6)\u00a0\u00bb box_shadow_style=\u00a0\u00bbpreset2&Prime; box_shadow_horizontal=\u00a0\u00bb3px\u00a0\u00bb box_shadow_vertical=\u00a0\u00bb3px\u00a0\u00bb box_shadow_blur=\u00a0\u00bb4px\u00a0\u00bb box_shadow_color=\u00a0\u00bbRGBA(0,0,0,0.15)\u00a0\u00bb border_style=\u00a0\u00bbsolid\u00a0\u00bb animation=\u00a0\u00bboff\u00a0\u00bb sticky=\u00a0\u00bboff\u00a0\u00bb always_center_on_mobile=\u00a0\u00bbon\u00a0\u00bb][\/et_pb_image][et_pb_text _builder_version=\u00a0\u00bb4.9.10&Prime; background_color=\u00a0\u00bb#ffffff\u00a0\u00bb custom_margin=\u00a0\u00bb||30px|\u00a0\u00bb custom_padding=\u00a0\u00bb16px|30px|20px|30px|false|false\u00a0\u00bb hover_enabled=\u00a0\u00bb0&Prime; border_radii=\u00a0\u00bboff|||5px|5px\u00a0\u00bb border_width_all=\u00a0\u00bb1px\u00a0\u00bb border_color_all=\u00a0\u00bbRGBA(229,85,0,0.6)\u00a0\u00bb border_width_top=\u00a0\u00bb0px\u00a0\u00bb box_shadow_style=\u00a0\u00bbpreset2&Prime; box_shadow_horizontal=\u00a0\u00bb3px\u00a0\u00bb box_shadow_vertical=\u00a0\u00bb3px\u00a0\u00bb box_shadow_blur=\u00a0\u00bb4px\u00a0\u00bb box_shadow_color=\u00a0\u00bbRGBA(0,0,0,0.15)\u00a0\u00bb border_color=\u00a0\u00bb#e02b20&Prime; border_width=\u00a0\u00bb4px\u00a0\u00bb border_style=\u00a0\u00bbsolid\u00a0\u00bb sticky_enabled=\u00a0\u00bb0&Prime;]<\/p>\n<p style=\"text-align: justify;\"><strong>Musica International<\/strong> est une base de donn\u00e9es collaborative multilingue multim\u00e9dia du r\u00e9pertoire choral mondial. Elle s&rsquo;adresse aux chefs de choeur, \u00e9diteurs, compositeurs, organisateurs d&rsquo;\u00e9v\u00e8nements choraux et plus g\u00e9n\u00e9ralement \u00e0 tous amateurs de chant choral qui cherchent \u00e0 s\u00e9lectionner, (re)d\u00e9couvrir, et\/ou localiser des partitions.<\/p>\n<p style=\"text-align: justify;\">Initialement cr\u00e9\u00e9 en 1983 et d\u00e9velopp\u00e9 au <strong>Centre d&rsquo;Art Polyphonique d&rsquo;Alsace<\/strong> (<strong>CAPA<\/strong>), France, le projet MUSICA a re\u00e7u, en 1990, le soutien et l&rsquo;association du <strong>Centre International pour la Musique Chorale<\/strong> (<strong>CIMC<\/strong>) afin de satisfaire le souhait de la <strong>F\u00e9d\u00e9ration Internationale pour la Musique Chorale<\/strong> (<strong>FIMC<\/strong>) de cr\u00e9er une base de donn\u00e9es exhaustive du r\u00e9pertoire de musique chorale du monde entier. Plus de trente ans plus tard, Musica renferme des donn\u00e9es concernant plus de 200 000 partitions.<\/p>\n<p style=\"text-align: justify;\" align=\"justify\">MUSICA est ainsi devenu un pr\u00e9cieux et puissant outil de recherche documentaire chorale et un outil p\u00e9dagogique au service des chefs de ch\u0153ur, musicologues, conservatoires, \u00e9coles de musique, f\u00e9d\u00e9rations musicales, biblioth\u00e8ques musicales, magasins de musique, etc&#8230; mais aussi des amateurs et curieux du r\u00e9pertoire choral. Il convient \u00e9galement parfaitement \u00e0 la <strong>gestion d&rsquo;une biblioth\u00e8que musicale chorale<\/strong>, bas\u00e9 sur une \u00e9laboration coop\u00e9rative avec d&rsquo;autres biblioth\u00e8ques.<\/p>\n<p style=\"text-align: justify;\" align=\"justify\">La <strong>structure documentaire<\/strong> de chaque fiche d\u00e9crivant une partition comporte 80 types d&rsquo;informations diff\u00e9rentes (compositeur, harmonisateur, titre, \u00e9diteur, genre et forme, difficult\u00e9s, type de formation chorale, langue, \u00e9poque, instrumentation, etc &#8230;). Chaque champ documentaire fait l&rsquo;objet de contr\u00f4les de coh\u00e9rence et d&rsquo;homog\u00e9n\u00e9it\u00e9. Pour satisfaire \u00e0 l\u2019exigence d\u2019internationalit\u00e9, la base de donn\u00e9es est multilingue (en fran\u00e7ais, allemand, anglais et espagnol) ; une vingtaine de types d\u2019informations se traduisent ainsi automatiquement au moyen de th\u00e9saurus multilingues \u00e9labor\u00e9s par l&rsquo;\u00e9quipe de Musica International.<\/p>\n<p style=\"text-align: justify;\" align=\"justify\">Une association \u00e0 but non lucratif, \u00ab <a href=\"www.musicanet.org\/fr\/a-propos-de\/lequipe\/\">Musica International<\/a> \u00bb est cr\u00e9\u00e9e le 6 F\u00e9vrier 1998, et se charge depuis de d\u00e9velopper la base de donn\u00e9es Musica, d\u2019\u00e9tendre son utilisation dans le monde entier et de l&rsquo;enrichir \u00e0 l\u2019aide de la communaut\u00e9 des contributeurs b\u00e9n\u00e9voles. Elle propose \u00e0 toute f\u00e9d\u00e9ration, universit\u00e9, institution, fondation, biblioth\u00e8que musicale, \u00e9diteur d\u00e9sirant promouvoir la diffusion du r\u00e9pertoire choral, d&rsquo;adh\u00e9rer \u00e0 Musica International et de participer au d\u00e9veloppement de la biblioth\u00e8que virtuelle. En 1998, des partenaires de 14 pays participaient d\u00e9j\u00e0 \u00e0 la saisie des donn\u00e9es et \u00e0 la diffusion de l&rsquo;information.<\/p>\n<p>[\/et_pb_text][\/et_pb_column][et_pb_column type=\u00a0\u00bb1_4&Prime; _builder_version=\u00a0\u00bb3.25&Prime; custom_padding=\u00a0\u00bb|||\u00a0\u00bb custom_padding__hover=\u00a0\u00bb|||\u00a0\u00bb][et_pb_sidebar orientation=\u00a0\u00bbright\u00a0\u00bb area=\u00a0\u00bbsidebar-main\u00a0\u00bb show_border=\u00a0\u00bboff\u00a0\u00bb admin_label=\u00a0\u00bbSidebar\u00a0\u00bb _builder_version=\u00a0\u00bb3.0.74&Prime; remove_border=\u00a0\u00bbon\u00a0\u00bb][\/et_pb_sidebar][\/et_pb_column][\/et_pb_row][\/et_pb_section]<\/p>\n","protected":false},"excerpt":{"rendered":"<p>\ue058 Pr\u00e9sentation Musica International est une base de donn\u00e9es collaborative multilingue multim\u00e9dia du r\u00e9pertoire choral mondial. Elle s&rsquo;adresse aux chefs de choeur, \u00e9diteurs, compositeurs, organisateurs d&rsquo;\u00e9v\u00e8nements choraux et plus g\u00e9n\u00e9ralement \u00e0 tous amateurs de chant choral qui cherchent \u00e0 s\u00e9lectionner, (re)d\u00e9couvrir, et\/ou localiser des partitions. Initialement cr\u00e9\u00e9 en 1983 et d\u00e9velopp\u00e9 au Centre d&rsquo;Art Polyphonique [&hellip;]<\/p>\n","protected":false},"author":1,"featured_media":0,"parent":8,"menu_order":0,"comment_status":"closed","ping_status":"closed","template":"page-template-fullwidth.php","meta":{"_et_pb_use_builder":"on","_et_pb_old_content":"","_et_gb_content_width":"","footnotes":""},"class_list":["post-170","page","type-page","status-publish","hentry"],"_links":{"self":[{"href":"https:\/\/www.musicanet.org\/fr\/wp-json\/wp\/v2\/pages\/170\/"}],"collection":[{"href":"https:\/\/www.musicanet.org\/fr\/wp-json\/wp\/v2\/pages\/"}],"about":[{"href":"https:\/\/www.musicanet.org\/fr\/wp-json\/wp\/v2\/types\/page\/"}],"author":[{"embeddable":true,"href":"https:\/\/www.musicanet.org\/fr\/wp-json\/wp\/v2\/users\/1\/"}],"replies":[{"embeddable":true,"href":"https:\/\/www.musicanet.org\/fr\/wp-json\/wp\/v2\/comments\/?post=170"}],"version-history":[{"count":0,"href":"https:\/\/www.musicanet.org\/fr\/wp-json\/wp\/v2\/pages\/170\/revisions\/"}],"up":[{"embeddable":true,"href":"https:\/\/www.musicanet.org\/fr\/wp-json\/wp\/v2\/pages\/8\/"}],"wp:attachment":[{"href":"https:\/\/www.musicanet.org\/fr\/wp-json\/wp\/v2\/media\/?parent=170"}],"curies":[{"name":"wp","href":"https:\/\/api.w.org\/{rel}","templated":true}]}}