{"id":3416,"date":"2017-10-27T14:24:57","date_gmt":"2017-10-27T12:24:57","guid":{"rendered":"http:\/\/new.musicanet.org\/convertido-privilegiada\/"},"modified":"2025-11-18T18:57:36","modified_gmt":"2025-11-18T17:57:36","slug":"convertido-privilegiada","status":"publish","type":"page","link":"https:\/\/www.musicanet.org\/es\/convertido-privilegiada\/","title":{"rendered":"Convertido Privilegiada"},"content":{"rendered":"<p>[et_pb_section fb_built=\u00bb1&#8243; _builder_version=\u00bb3.22&#8243; background_color=\u00bbrgba(236,240,245,0)\u00bb parallax=\u00bbon\u00bb custom_padding=\u00bb0px||0px|\u00bb][et_pb_row column_structure=\u00bb2_3,1_3&#8243; use_custom_gutter=\u00bbon\u00bb gutter_width=\u00bb2&#8243; _builder_version=\u00bb3.25&#8243; background_size=\u00bbinitial\u00bb background_position=\u00bbtop_left\u00bb background_repeat=\u00bbrepeat\u00bb custom_padding=\u00bb||0px|\u00bb make_fullwidth=\u00bboff\u00bb use_custom_width=\u00bboff\u00bb width_unit=\u00bbon\u00bb][et_pb_column type=\u00bb2_3&#8243; _builder_version=\u00bb3.25&#8243; custom_padding=\u00bb|||\u00bb custom_padding__hover=\u00bb|||\u00bb][et_pb_text admin_label=\u00bbTitre\u00bb _builder_version=\u00bb4.9.10&#8243; text_font=\u00bb|||on|\u00bb text_text_color=\u00bb#FFFFFF\u00bb text_font_size=\u00bb18px\u00bb header_font=\u00bb|||on|\u00bb header_text_color=\u00bb#FFFFFF\u00bb header_font_size=\u00bb18px\u00bb header_line_height=\u00bb1.6em\u00bb background_color=\u00bb#ffffff\u00bb use_background_color_gradient=\u00bbon\u00bb background_color_gradient_start=\u00bb#f07125&#8243; background_color_gradient_end=\u00bb#f9aa44&#8243; background_color_gradient_direction=\u00bb68deg\u00bb background_size=\u00bbinitial\u00bb background_position=\u00bbtop_left\u00bb background_repeat=\u00bbrepeat\u00bb custom_margin=\u00bb||0px||false|false\u00bb custom_padding=\u00bb20px|20px|5px|20px\u00bb custom_css_main_element=\u00bbz-index: -100;\u00bb text_text_shadow_style=\u00bbpreset2&#8243; text_text_shadow_horizontal_length=\u00bb0.09em\u00bb text_text_shadow_vertical_length=\u00bb0.09em\u00bb text_text_shadow_blur_strength=\u00bb0.06em\u00bb border_radii=\u00bboff|5px|5px||\u00bb border_width_top=\u00bb1px\u00bb border_color_top=\u00bbrgba(229,85,0,0.9)\u00bb border_width_right=\u00bb1px\u00bb border_width_left=\u00bb1px\u00bb box_shadow_style=\u00bbpreset2&#8243; box_shadow_horizontal=\u00bb3px\u00bb box_shadow_vertical=\u00bb3px\u00bb box_shadow_blur=\u00bb4px\u00bb box_shadow_color=\u00bbrgba(0,0,0,0.15)\u00bb border_style=\u00bbsolid\u00bb saved_tabs=\u00bball\u00bb locked=\u00bboff\u00bb]<span class=\"et-pb-icon et-waypoint et_pb_animation_top et-animated\" style=\"color: #ffffff; margin-right: 20px;\">\ue0e0<\/span><\/p>\n<h1>Vu\u00e9lvase Usuario privilegiado<\/h1>\n<p>[\/et_pb_text][et_pb_text admin_label=\u00bbMembres privil\u00e9gi\u00e9s\u00bb module_id=\u00bbmembres\u00bb _builder_version=\u00bb4.9.10&#8243; background_color=\u00bb#ffffff\u00bb custom_margin=\u00bb||0px||false|false\u00bb custom_padding=\u00bb1px|30px|5px|30px|false|false\u00bb custom_css_main_element=\u00bbborder-top: 0px;||z-index: -50;\u00bb border_width_all=\u00bb1px\u00bb border_color_all=\u00bbRGBA(229,85,0,0.6)\u00bb border_width_top=\u00bb0px\u00bb border_width_bottom=\u00bb0px\u00bb box_shadow_style=\u00bbpreset2&#8243; box_shadow_horizontal=\u00bb3px\u00bb box_shadow_vertical=\u00bb3px\u00bb box_shadow_blur=\u00bb4px\u00bb box_shadow_color=\u00bbRGBA(0,0,0,0.15)\u00bb border_color=\u00bb#e02b20&#8243; border_width=\u00bb4px\u00bb border_style=\u00bbsolid\u00bb locked=\u00bboff\u00bb]<\/p>\n<table class=\"aligncenter\" style=\"width: 100%; border-collapse: collapse; color: #555; background: rgba(245, 246, 249, 0.7); margin-top: 20px; padding: 20px 30px; border-color: #d6d6d6; border-style: solid; border-radius: 5px; box-shadow: 0 0 45px rgba(0, 0, 0, 0.08) inset;\" border=\"0px none\">\n<tbody>\n<tr>\n<td style=\"width: 100%; border: 0px none;\"><em><span style=\"color: #666666; font-size: 16px;\">Un <strong>usuario privilegiado<\/strong> es un usuario que tiene <strong>acceso completo sin restricciones<\/strong> a www.musicanet.org<\/span><\/em><\/td>\n<\/tr>\n<\/tbody>\n<\/table>\n<p style=\"text-align: center; font-variant: small-caps; font-size: 17px; padding-top: 12px; line-height: 1.4;\">Se recomienda el acceso completo privilegiado para todo uso profesional o regular de Musica.<\/p>\n<h4 style=\"padding-top: 20px;\"><span style=\"color: #e55500;\">Ventajas principales:<\/span><\/h4>\n<p>[\/et_pb_text][et_pb_toggle title=\u00bb\u25ba Eliminando limitaciones\u00bb icon_color=\u00bb#FFFFFF\u00bb use_icon_font_size=\u00bbon\u00bb icon_font_size=\u00bb22px\u00bb admin_label=\u00bbBascule &#8211; Suppression limitations\u00bb _builder_version=\u00bb4.9.10&#8243; _module_preset=\u00bbdefault\u00bb title_text_color=\u00bb#FFFFFF\u00bb title_font_size=\u00bb15px\u00bb closed_title_font_size=\u00bb15px\u00bb body_text_align=\u00bbjustify\u00bb body_text_color=\u00bb#555555&#8243; background_color=\u00bb#FFFFFF\u00bb custom_margin=\u00bb-3px||0px||false|false\u00bb custom_padding=\u00bb0px|25px|6px|25px|false|false\u00bb custom_css_main_element=\u00bbz-index: 10;\u00bb custom_css_toggle_title=\u00bbborder: 1px solid rgba(240,156,37,0.6);||padding: 10px 10px 11px 15px;||border-radius: 5px;||background: linear-gradient(68deg, rgba(249,170,68,1) 0%, rgba(255,238,170,1) 100%);\u00bb custom_css_toggle_icon=\u00bbcontent: %22%92e048%22;||padding-right: 20px;||text-shadow: 0.09em 0.09em 0.05em rgba(0,0,0,0.5);\u00bb custom_css_toggle_content=\u00bbborder: 1px solid #d6d6d6;||border-top: none;||border-radius: 0 0 5px 5px;||padding: 12px 20px;||margin-top: -3px;\u00bb title_text_shadow_style=\u00bbpreset5&#8243; title_text_shadow_horizontal_length=\u00bb0.09em\u00bb title_text_shadow_vertical_length=\u00bb0.09em\u00bb title_text_shadow_blur_strength=\u00bb0.05em\u00bb title_text_shadow_color=\u00bbrgba(0,0,0,0.5)\u00bb border_width_top=\u00bb0px\u00bb border_color_top=\u00bbRGBA(229,85,0,0.6)\u00bb border_color_right=\u00bbRGBA(229,85,0,0.6)\u00bb border_width_bottom=\u00bb0px\u00bb border_color_left=\u00bbRGBA(229,85,0,0.6)\u00bb box_shadow_style=\u00bbpreset2&#8243; box_shadow_horizontal=\u00bb3px\u00bb box_shadow_vertical=\u00bb3px\u00bb box_shadow_blur=\u00bb4px\u00bb box_shadow_color=\u00bbRGBA(0,0,0,0.15)\u00bb locked=\u00bboff\u00bb custom_css_toggle_title__hover=\u00bbbackground: linear-gradient(68deg,#f07125 0%,#f9aa44 100%);\u00bb custom_css_toggle_title__hover_enabled=\u00bbon|hover\u00bb]<\/p>\n<p style=\"text-indent: 20px;\">Supresi\u00f3n del l\u00edmite de 50 repuestas durante las b\u00fasquedas en la base de datos.<\/p>\n<p>[\/et_pb_toggle][et_pb_toggle title=\u00bb\u25ba Audit\u00f3rium y grandes aniversarios\u00bb icon_color=\u00bb#FFFFFF\u00bb use_icon_font_size=\u00bbon\u00bb icon_font_size=\u00bb22px\u00bb admin_label=\u00bbBascule &#8211; Auditorium \/ Anniversaires\u00bb _builder_version=\u00bb4.9.10&#8243; _module_preset=\u00bbdefault\u00bb title_text_color=\u00bb#FFFFFF\u00bb title_font_size=\u00bb15px\u00bb closed_title_font_size=\u00bb15px\u00bb body_text_align=\u00bbjustify\u00bb body_text_color=\u00bb#555555&#8243; background_color=\u00bb#FFFFFF\u00bb custom_margin=\u00bb-3px||0px||false|false\u00bb custom_padding=\u00bb0px|25px|6px|25px|false|false\u00bb custom_css_main_element=\u00bbz-index: 10;\u00bb custom_css_toggle_title=\u00bbborder: 1px solid rgba(240,156,37,0.6);||padding: 10px 10px 11px 15px;||border-radius: 5px;||background: linear-gradient(68deg, rgba(249,170,68,1) 0%, rgba(255,238,170,1) 100%);\u00bb custom_css_toggle_icon=\u00bbcontent: %22%92e048%22;||padding-right: 20px;||text-shadow: 0.09em 0.09em 0.05em rgba(0,0,0,0.5);\u00bb custom_css_toggle_content=\u00bbborder: 1px solid #d6d6d6;||border-top: none;||border-radius: 0 0 5px 5px;||padding: 12px 20px;||margin-top: -3px;\u00bb title_text_shadow_style=\u00bbpreset5&#8243; title_text_shadow_horizontal_length=\u00bb0.09em\u00bb title_text_shadow_vertical_length=\u00bb0.09em\u00bb title_text_shadow_blur_strength=\u00bb0.05em\u00bb title_text_shadow_color=\u00bbrgba(0,0,0,0.5)\u00bb border_width_top=\u00bb0px\u00bb border_color_top=\u00bbRGBA(229,85,0,0.6)\u00bb border_color_right=\u00bbRGBA(229,85,0,0.6)\u00bb border_width_bottom=\u00bb0px\u00bb border_color_left=\u00bbRGBA(229,85,0,0.6)\u00bb box_shadow_style=\u00bbpreset2&#8243; box_shadow_horizontal=\u00bb3px\u00bb box_shadow_vertical=\u00bb3px\u00bb box_shadow_blur=\u00bb4px\u00bb box_shadow_color=\u00bbRGBA(0,0,0,0.15)\u00bb locked=\u00bboff\u00bb custom_css_toggle_title__hover=\u00bbbackground: linear-gradient(68deg,#f07125 0%,#f9aa44 100%);\u00bb custom_css_toggle_title__hover_enabled=\u00bbon|hover\u00bb]<\/p>\n<p style=\"text-indent: 20px;\">Acceso <strong>al audit\u00f3rium<\/strong>, una compilaci\u00f3n de todos los archivos sonoros que ilustran la base de datos <span style=\"font-size: 13px;\"><em>(varios miles)<\/em><\/span>, ordenada por orden alfab\u00e9tico de compositores.<\/p>\n<p style=\"text-indent: 20px;\">Acceso a <strong>los grandes aniversarios<\/strong> de los compositores del a\u00f1o en curso y los pr\u00f3ximos 3.<\/p>\n<p>[\/et_pb_toggle][et_pb_toggle title=\u00bb\u25ba Ingrese sus datos\u00bb icon_color=\u00bb#FFFFFF\u00bb use_icon_font_size=\u00bbon\u00bb icon_font_size=\u00bb22px\u00bb admin_label=\u00bbBascule &#8211; Saisie en ligne\u00bb _builder_version=\u00bb4.9.10&#8243; _module_preset=\u00bbdefault\u00bb title_text_color=\u00bb#FFFFFF\u00bb title_font_size=\u00bb15px\u00bb closed_title_font_size=\u00bb15px\u00bb body_text_align=\u00bbjustify\u00bb body_text_color=\u00bb#555555&#8243; background_color=\u00bb#FFFFFF\u00bb custom_margin=\u00bb-3px||0px||false|false\u00bb custom_padding=\u00bb0px|25px|6px|25px|false|false\u00bb custom_css_main_element=\u00bbz-index: 10;\u00bb custom_css_toggle_title=\u00bbborder: 1px solid rgba(240,156,37,0.6);||padding: 10px 10px 11px 15px;||border-radius: 5px;||background: linear-gradient(68deg, rgba(249,170,68,1) 0%, rgba(255,238,170,1) 100%);\u00bb custom_css_toggle_icon=\u00bbcontent: %22%92e048%22;||padding-right: 20px;||text-shadow: 0.09em 0.09em 0.05em rgba(0,0,0,0.5);\u00bb custom_css_toggle_content=\u00bbborder: 1px solid #d6d6d6;||border-top: none;||border-radius: 0 0 5px 5px;||padding: 12px 20px;||margin-top: -3px;\u00bb title_text_shadow_style=\u00bbpreset5&#8243; title_text_shadow_horizontal_length=\u00bb0.09em\u00bb title_text_shadow_vertical_length=\u00bb0.09em\u00bb title_text_shadow_blur_strength=\u00bb0.05em\u00bb title_text_shadow_color=\u00bbrgba(0,0,0,0.5)\u00bb border_width_top=\u00bb0px\u00bb border_color_top=\u00bbRGBA(229,85,0,0.6)\u00bb border_color_right=\u00bbRGBA(229,85,0,0.6)\u00bb border_width_bottom=\u00bb0px\u00bb border_color_left=\u00bbRGBA(229,85,0,0.6)\u00bb box_shadow_style=\u00bbpreset2&#8243; box_shadow_horizontal=\u00bb3px\u00bb box_shadow_vertical=\u00bb3px\u00bb box_shadow_blur=\u00bb4px\u00bb box_shadow_color=\u00bbRGBA(0,0,0,0.15)\u00bb locked=\u00bboff\u00bb custom_css_toggle_title__hover=\u00bbbackground: linear-gradient(68deg,#f07125 0%,#f9aa44 100%);\u00bb custom_css_toggle_title__hover_enabled=\u00bbon|hover\u00bb]<\/p>\n<p style=\"text-indent: 20px;\">Acceso al ingreso y a la correcci\u00f3n de datos directamente en la base de datos prinicpal.<\/p>\n<p>[\/et_pb_toggle][et_pb_toggle title=\u00bb\u25ba Fomato de impresi\u00f3n\u00bb icon_color=\u00bb#FFFFFF\u00bb use_icon_font_size=\u00bbon\u00bb icon_font_size=\u00bb22px\u00bb admin_label=\u00bbBascule &#8211; Format d&#8217;impression\u00bb _builder_version=\u00bb4.9.10&#8243; _module_preset=\u00bbdefault\u00bb title_text_color=\u00bb#FFFFFF\u00bb title_font_size=\u00bb15px\u00bb closed_title_font_size=\u00bb15px\u00bb body_text_align=\u00bbjustify\u00bb body_text_color=\u00bb#555555&#8243; background_color=\u00bb#FFFFFF\u00bb custom_margin=\u00bb-3px||0px||false|false\u00bb custom_padding=\u00bb0px|25px|6px|25px|false|false\u00bb custom_css_main_element=\u00bbz-index: 10;\u00bb custom_css_toggle_title=\u00bbborder: 1px solid rgba(240,156,37,0.6);||padding: 10px 10px 11px 15px;||border-radius: 5px;||background: linear-gradient(68deg, rgba(249,170,68,1) 0%, rgba(255,238,170,1) 100%);\u00bb custom_css_toggle_icon=\u00bbcontent: %22%92e048%22;||padding-right: 20px;||text-shadow: 0.09em 0.09em 0.05em rgba(0,0,0,0.5);\u00bb custom_css_toggle_content=\u00bbborder: 1px solid #d6d6d6;||border-top: none;||border-radius: 0 0 5px 5px;||padding: 12px 20px;||margin-top: -3px;\u00bb title_text_shadow_style=\u00bbpreset5&#8243; title_text_shadow_horizontal_length=\u00bb0.09em\u00bb title_text_shadow_vertical_length=\u00bb0.09em\u00bb title_text_shadow_blur_strength=\u00bb0.05em\u00bb title_text_shadow_color=\u00bbrgba(0,0,0,0.5)\u00bb border_width_top=\u00bb0px\u00bb border_color_top=\u00bbRGBA(229,85,0,0.6)\u00bb border_color_right=\u00bbRGBA(229,85,0,0.6)\u00bb border_width_bottom=\u00bb0px\u00bb border_color_left=\u00bbRGBA(229,85,0,0.6)\u00bb box_shadow_style=\u00bbpreset2&#8243; box_shadow_horizontal=\u00bb3px\u00bb box_shadow_vertical=\u00bb3px\u00bb box_shadow_blur=\u00bb4px\u00bb box_shadow_color=\u00bbRGBA(0,0,0,0.15)\u00bb locked=\u00bboff\u00bb custom_css_toggle_title__hover=\u00bbbackground: linear-gradient(68deg,#f07125 0%,#f9aa44 100%);\u00bb custom_css_toggle_title__hover_enabled=\u00bbon|hover\u00bb]<\/p>\n<p style=\"text-indent: 20px;\">Posibilidad de impresi\u00f3n de las listas <span style=\"font-size: 13px;\"><em>(con un formato dise\u00f1ado para la impresi\u00f3n)<\/em><\/span>.<\/p>\n<p>[\/et_pb_toggle][et_pb_toggle title=\u00bb\u25ba Accesso por IP fija\u00bb icon_color=\u00bb#FFFFFF\u00bb use_icon_font_size=\u00bbon\u00bb icon_font_size=\u00bb22px\u00bb admin_label=\u00bbBascule &#8211; IP Fixe\u00bb _builder_version=\u00bb4.9.10&#8243; _module_preset=\u00bbdefault\u00bb title_text_color=\u00bb#FFFFFF\u00bb title_font_size=\u00bb15px\u00bb closed_title_font_size=\u00bb15px\u00bb body_text_align=\u00bbjustify\u00bb body_text_color=\u00bb#555555&#8243; background_color=\u00bb#FFFFFF\u00bb custom_margin=\u00bb-3px||||false|false\u00bb custom_padding=\u00bb0px|25px|20px|25px|false|false\u00bb custom_css_main_element=\u00bbz-index: 20;\u00bb custom_css_toggle_title=\u00bbborder: 1px solid rgba(240,156,37,0.6);||padding: 10px 10px 11px 15px;||border-radius: 5px;||background: linear-gradient(68deg, rgba(249,170,68,1) 0%, rgba(255,238,170,1) 100%);\u00bb custom_css_toggle_icon=\u00bbcontent: %22%92e048%22;||padding-right: 20px;||text-shadow: 0.09em 0.09em 0.05em rgba(0,0,0,0.5);\u00bb custom_css_toggle_content=\u00bbborder: 1px solid #d6d6d6;||border-top: none;||border-radius: 0 0 5px 5px;||padding: 12px 20px;||margin-top: -3px;\u00bb title_text_shadow_style=\u00bbpreset5&#8243; title_text_shadow_horizontal_length=\u00bb0.09em\u00bb title_text_shadow_vertical_length=\u00bb0.09em\u00bb title_text_shadow_blur_strength=\u00bb0.05em\u00bb title_text_shadow_color=\u00bbrgba(0,0,0,0.5)\u00bb border_radii=\u00bboff|||5px|5px\u00bb border_width_top=\u00bb0px\u00bb border_color_top=\u00bbRGBA(229,85,0,0.6)\u00bb border_color_right=\u00bbRGBA(229,85,0,0.6)\u00bb border_color_bottom=\u00bbRGBA(229,85,0,0.6)\u00bb border_color_left=\u00bbRGBA(229,85,0,0.6)\u00bb box_shadow_style=\u00bbpreset2&#8243; box_shadow_horizontal=\u00bb3px\u00bb box_shadow_vertical=\u00bb3px\u00bb box_shadow_blur=\u00bb4px\u00bb box_shadow_color=\u00bbRGBA(0,0,0,0.15)\u00bb locked=\u00bboff\u00bb custom_css_toggle_title__hover_enabled=\u00bbon|hover\u00bb custom_css_toggle_title__hover=\u00bbbackground: linear-gradient(68deg,#f07125 0%,#f9aa44 100%);\u00bb]<\/p>\n<p style=\"text-indent: 20px;\">Supresi\u00f3n de la obligaci\u00f3n de identificarse durante la conecci\u00f3n, por medio de la detecci\u00f3n autom\u00e1tica de la direcci\u00f3n IP fija <span style=\"font-size: 13px;\"><em>(caso frecuente para una biblioteca)<\/em><\/span>. Hay que solicitarnos esta opci\u00f3n.<\/p>\n<p>[\/et_pb_toggle][et_pb_text admin_label=\u00bbFin du texte\u00bb _builder_version=\u00bb4.9.10&#8243; text_text_color=\u00bb#555555&#8243; background_color=\u00bb#fff2bb\u00bb text_orientation=\u00bbjustified\u00bb custom_margin=\u00bb0px||20px|\u00bb custom_padding=\u00bb15px|30px|20px|30px\u00bb hover_enabled=\u00bb0&#8243; custom_css_main_element=\u00bb||\u00bb border_radii=\u00bbon|5px|5px|5px|5px\u00bb border_width_all=\u00bb3px\u00bb border_color_all=\u00bb#f07125&#8243; border_style_all=\u00bbdouble\u00bb box_shadow_style=\u00bbpreset2&#8243; box_shadow_horizontal=\u00bb3px\u00bb box_shadow_vertical=\u00bb3px\u00bb box_shadow_blur=\u00bb4px\u00bb box_shadow_color=\u00bbrgba(0,0,0,0.15)\u00bb border_style=\u00bbsolid\u00bb sticky_enabled=\u00bb0&#8243;]<\/p>\n<h4 style=\"text-align: center;\"><span style=\"color: #da4400;\">Para beneficiar del acesso completo privilegiado, hay varias posibilidades:<\/span><\/h4>\n<p><strong><u>Uso privado<\/u><\/strong> <em>(directores de coro)<\/em>: <a href=\"https:\/\/www.musicanet.org\/es\/donativos\/\">Donativos<\/a><br \/><strong><u>Uso p\u00fablico<\/u><\/strong> <em>(biblioteca, tienda de m\u00fasica, &#8230;)<\/em>: <a href=\"https:\/\/www.musicanet.org\/es\/servicios\/abono\/\">Suscriba un abono anual<\/a> OU <a href=\"https:\/\/www.musicanet.org\/es\/miembros\/ser-miembro\/\">Ser Miembro<\/a><\/p>\n<p>[\/et_pb_text][\/et_pb_column][et_pb_column type=\u00bb1_3&#8243; _builder_version=\u00bb3.25&#8243; custom_padding=\u00bb|||\u00bb custom_padding__hover=\u00bb|||\u00bb][et_pb_sidebar orientation=\u00bbright\u00bb area=\u00bbsidebar-main\u00bb show_border=\u00bboff\u00bb admin_label=\u00bbSidebar\u00bb _builder_version=\u00bb3.0.74&#8243; remove_border=\u00bbon\u00bb][\/et_pb_sidebar][\/et_pb_column][\/et_pb_row][\/et_pb_section]<\/p>\n","protected":false},"excerpt":{"rendered":"<p>\ue0e0 Vu\u00e9lvase Usuario privilegiado Un usuario privilegiado es un usuario que tiene acceso completo sin restricciones a www.musicanet.org Se recomienda el acceso completo privilegiado para todo uso profesional o regular de Musica. Ventajas principales: \u25ba Eliminando limitaciones Supresi\u00f3n del l\u00edmite de 50 repuestas durante las b\u00fasquedas en la base de datos. \u25ba Audit\u00f3rium y grandes [&hellip;]<\/p>\n","protected":false},"author":1,"featured_media":0,"parent":0,"menu_order":0,"comment_status":"closed","ping_status":"closed","template":"page-template-fullwidth.php","meta":{"_et_pb_use_builder":"on","_et_pb_old_content":"","_et_gb_content_width":"","footnotes":""},"class_list":["post-3416","page","type-page","status-publish","hentry"],"_links":{"self":[{"href":"https:\/\/www.musicanet.org\/es\/wp-json\/wp\/v2\/pages\/3416\/"}],"collection":[{"href":"https:\/\/www.musicanet.org\/es\/wp-json\/wp\/v2\/pages\/"}],"about":[{"href":"https:\/\/www.musicanet.org\/es\/wp-json\/wp\/v2\/types\/page\/"}],"author":[{"embeddable":true,"href":"https:\/\/www.musicanet.org\/es\/wp-json\/wp\/v2\/users\/1\/"}],"replies":[{"embeddable":true,"href":"https:\/\/www.musicanet.org\/es\/wp-json\/wp\/v2\/comments\/?post=3416"}],"version-history":[{"count":0,"href":"https:\/\/www.musicanet.org\/es\/wp-json\/wp\/v2\/pages\/3416\/revisions\/"}],"wp:attachment":[{"href":"https:\/\/www.musicanet.org\/es\/wp-json\/wp\/v2\/media\/?parent=3416"}],"curies":[{"name":"wp","href":"https:\/\/api.w.org\/{rel}","templated":true}]}}