{"id":2977,"date":"2017-09-29T15:44:39","date_gmt":"2017-09-29T13:44:39","guid":{"rendered":"http:\/\/new.musicanet.org\/a-proposito\/distinciones\/"},"modified":"2023-04-11T10:29:22","modified_gmt":"2023-04-11T08:29:22","slug":"distinciones","status":"publish","type":"page","link":"https:\/\/www.musicanet.org\/es\/a-proposito\/distinciones\/","title":{"rendered":"Distinciones"},"content":{"rendered":"<p>[et_pb_section fb_built=\u00bb1&#8243; _builder_version=\u00bb3.22&#8243; background_color=\u00bbrgba(236,240,245,0)\u00bb parallax=\u00bbon\u00bb custom_padding=\u00bb0px||0px|\u00bb][et_pb_row use_custom_gutter=\u00bbon\u00bb gutter_width=\u00bb2&#8243; _builder_version=\u00bb3.25&#8243; background_size=\u00bbinitial\u00bb background_position=\u00bbtop_left\u00bb background_repeat=\u00bbrepeat\u00bb custom_padding=\u00bb||0px|\u00bb make_fullwidth=\u00bboff\u00bb use_custom_width=\u00bboff\u00bb width_unit=\u00bbon\u00bb column_structure=\u00bb2_3,1_3&#8243;][et_pb_column type=\u00bb2_3&#8243; _builder_version=\u00bb3.25&#8243; custom_padding=\u00bb|||\u00bb custom_padding__hover=\u00bb|||\u00bb][et_pb_text admin_label=\u00bbDistinctions\u00bb _builder_version=\u00bb4.9.10&#8243; text_text_color=\u00bb#FFFFFF\u00bb header_font=\u00bb|||on|\u00bb header_text_color=\u00bb#FFFFFF\u00bb header_font_size=\u00bb18px\u00bb header_line_height=\u00bb1.6em\u00bb custom_margin=\u00bb||0px||false|false\u00bb custom_padding=\u00bb20px|20px|5px|20px\u00bb border_style=\u00bbsolid\u00bb text_font=\u00bb|||on|\u00bb text_font_size=\u00bb18px\u00bb background_color=\u00bb#ffffff\u00bb use_background_color_gradient=\u00bbon\u00bb background_color_gradient_start=\u00bb#f07125&#8243; background_color_gradient_end=\u00bb#f9aa44&#8243; background_color_gradient_direction=\u00bb68deg\u00bb background_size=\u00bbinitial\u00bb background_position=\u00bbtop_left\u00bb background_repeat=\u00bbrepeat\u00bb z_index=\u00bb-10&#8243; text_text_shadow_style=\u00bbpreset2&#8243; text_text_shadow_horizontal_length=\u00bb0.09em\u00bb text_text_shadow_vertical_length=\u00bb0.09em\u00bb text_text_shadow_blur_strength=\u00bb0.06em\u00bb border_radii=\u00bboff|5px|5px||\u00bb border_width_top=\u00bb1px\u00bb border_color_top=\u00bbrgba(229,85,0,0.9)\u00bb border_width_right=\u00bb1px\u00bb border_width_left=\u00bb1px\u00bb box_shadow_style=\u00bbpreset2&#8243; box_shadow_horizontal=\u00bb3px\u00bb box_shadow_vertical=\u00bb3px\u00bb box_shadow_blur=\u00bb4px\u00bb box_shadow_color=\u00bbrgba(0,0,0,0.15)\u00bb hover_enabled=\u00bb0&#8243; sticky_enabled=\u00bb0&#8243;]<span class=\"et-pb-icon et-waypoint et_pb_animation_top et-animated\" style=\"color: #ffffff; font-size: 24px; float: left; margin-right: 20px;\">\ue078<\/span><\/p>\n<h1>Distinciones<\/h1>\n<p>[\/et_pb_text][et_pb_blog fullwidth=\u00bboff\u00bb posts_number=\u00bb2&#8243; include_categories=\u00bb12&#8243; show_more=\u00bbon\u00bb show_author=\u00bboff\u00bb show_date=\u00bboff\u00bb show_categories=\u00bboff\u00bb show_pagination=\u00bboff\u00bb admin_label=\u00bbArticles Distinctions\u00bb _builder_version=\u00bb4.9.10&#8243; _module_preset=\u00bbdefault\u00bb header_text_align=\u00bbjustify\u00bb header_text_color=\u00bb#F07125&#8243; body_text_align=\u00bbjustify\u00bb body_text_color=\u00bb#555555&#8243; meta_text_align=\u00bbright\u00bb read_more_font=\u00bb|700|||||||\u00bb read_more_text_color=\u00bb#FFFFFF\u00bb read_more_line_height=\u00bb3.4em\u00bb background_color=\u00bb#FFFFFF\u00bb custom_margin=\u00bb||||false|false\u00bb custom_padding=\u00bb20px|20px|0px|20px|false|false\u00bb link_option_url_new_window=\u00bbon\u00bb custom_css_main_element=\u00bbborder-radius: 0 0 5px 5px;||border: 1px solid rgba(229,85,0,0.6);||box-shadow: 3px 3px 4px 0px rgba(0,0,0,0.15);\u00bb custom_css_title=\u00bbmargin-top: -15px;\u00bb custom_css_featured_image=\u00bbmargin-bottom: 0px;\u00bb custom_css_read_more=\u00bbbackground: linear-gradient(68deg,#f07125 0%,#f09c25 100%);||text-shadow: 0.09em 0.09em 0.05em rgba(0,0,0,0.5);||border: 1px solid #e55500;||border-radius: 5px;||padding: 7px 12px;\u00bb border_radii=\u00bbon|5px|5px|5px|5px\u00bb border_radii_image=\u00bbon|5px|5px|5px|5px\u00bb border_width_all_image=\u00bb1px\u00bb border_color_all_image=\u00bb#bbbbbb\u00bb locked=\u00bboff\u00bb][\/et_pb_blog][\/et_pb_column][et_pb_column type=\u00bb1_3&#8243; _builder_version=\u00bb3.25&#8243; custom_padding=\u00bb|||\u00bb custom_padding__hover=\u00bb|||\u00bb][et_pb_sidebar orientation=\u00bbright\u00bb area=\u00bbsidebar-main\u00bb show_border=\u00bboff\u00bb admin_label=\u00bbSidebar\u00bb _builder_version=\u00bb3.0.74&#8243; remove_border=\u00bbon\u00bb][\/et_pb_sidebar][\/et_pb_column][\/et_pb_row][\/et_pb_section]<\/p>\n","protected":false},"excerpt":{"rendered":"<p>\ue078 Distinciones Premio 2000 de la Fundaci\u00f3n Alsacia Jean Sturm, nuestro director ejecutivo, ha sido distinguido con el Premio 2000 de la Fundaci\u00f3n Alsacia a nombre del proyecto Musica International. leer m\u00e1s Jean Sturm- Caballero de la Orden de las Artes y las Letras Madame Aurelie Filippetti, Ministro de Cultura, ha concedido a nuestro CEO [&hellip;]<\/p>\n","protected":false},"author":1,"featured_media":0,"parent":2754,"menu_order":0,"comment_status":"closed","ping_status":"closed","template":"page-template-fullwidth.php","meta":{"_et_pb_use_builder":"on","_et_pb_old_content":"","_et_gb_content_width":"","footnotes":""},"class_list":["post-2977","page","type-page","status-publish","hentry"],"_links":{"self":[{"href":"https:\/\/www.musicanet.org\/es\/wp-json\/wp\/v2\/pages\/2977\/"}],"collection":[{"href":"https:\/\/www.musicanet.org\/es\/wp-json\/wp\/v2\/pages\/"}],"about":[{"href":"https:\/\/www.musicanet.org\/es\/wp-json\/wp\/v2\/types\/page\/"}],"author":[{"embeddable":true,"href":"https:\/\/www.musicanet.org\/es\/wp-json\/wp\/v2\/users\/1\/"}],"replies":[{"embeddable":true,"href":"https:\/\/www.musicanet.org\/es\/wp-json\/wp\/v2\/comments\/?post=2977"}],"version-history":[{"count":0,"href":"https:\/\/www.musicanet.org\/es\/wp-json\/wp\/v2\/pages\/2977\/revisions\/"}],"up":[{"embeddable":true,"href":"https:\/\/www.musicanet.org\/es\/wp-json\/wp\/v2\/pages\/2754\/"}],"wp:attachment":[{"href":"https:\/\/www.musicanet.org\/es\/wp-json\/wp\/v2\/media\/?parent=2977"}],"curies":[{"name":"wp","href":"https:\/\/api.w.org\/{rel}","templated":true}]}}