{"id":2878,"date":"2017-09-15T13:03:19","date_gmt":"2017-09-15T11:03:19","guid":{"rendered":"http:\/\/new.musicanet.org\/musica\/musica-workshops\/"},"modified":"2026-04-03T03:06:40","modified_gmt":"2026-04-03T01:06:40","slug":"musica-workshops-2","status":"publish","type":"page","link":"https:\/\/www.musicanet.org\/de\/musica\/musica-workshops-2\/","title":{"rendered":"Musica Workshops"},"content":{"rendered":"<p>[et_pb_section fb_built=&#8220;1&#8243; _builder_version=&#8220;3.22&#8243; background_color=&#8220;rgba(236,240,245,0)&#8220; parallax=&#8220;on&#8220; custom_padding=&#8220;0px||0px|&#8220;][et_pb_row column_structure=&#8220;3_4,1_4&#8243; use_custom_gutter=&#8220;on&#8220; gutter_width=&#8220;2&#8243; _builder_version=&#8220;4.9.10&#8243; background_size=&#8220;initial&#8220; background_position=&#8220;top_left&#8220; background_repeat=&#8220;repeat&#8220; custom_padding=&#8220;||0px|&#8220; make_fullwidth=&#8220;off&#8220; use_custom_width=&#8220;off&#8220; width_unit=&#8220;on&#8220;][et_pb_column type=&#8220;3_4&#8243; _builder_version=&#8220;3.25&#8243; custom_padding=&#8220;|||&#8220; custom_padding__hover=&#8220;|||&#8220;][et_pb_text admin_label=&#8220;Workshops (titre)&#8220; _builder_version=&#8220;4.9.10&#8243; text_font=&#8220;|||on|&#8220; text_text_color=&#8220;#FFFFFF&#8220; text_font_size=&#8220;18px&#8220; header_font=&#8220;|||on|&#8220; header_text_color=&#8220;#FFFFFF&#8220; header_font_size=&#8220;18px&#8220; header_line_height=&#8220;1.6em&#8220; background_color=&#8220;#ffffff&#8220; use_background_color_gradient=&#8220;on&#8220; background_color_gradient_start=&#8220;#f07125&#8243; background_color_gradient_end=&#8220;#f9aa44&#8243; background_color_gradient_direction=&#8220;68deg&#8220; background_size=&#8220;initial&#8220; background_position=&#8220;top_left&#8220; background_repeat=&#8220;repeat&#8220; custom_margin=&#8220;||0px||false|false&#8220; custom_padding=&#8220;20px|20px|5px|20px&#8220; text_text_shadow_style=&#8220;preset2&#8243; text_text_shadow_horizontal_length=&#8220;0.09em&#8220; text_text_shadow_vertical_length=&#8220;0.09em&#8220; text_text_shadow_blur_strength=&#8220;0.06em&#8220; border_radii=&#8220;off|5px|5px||&#8220; border_width_top=&#8220;1px&#8220; border_color_top=&#8220;rgba(229,85,0,0.9)&#8220; border_width_right=&#8220;1px&#8220; border_width_left=&#8220;1px&#8220; box_shadow_style=&#8220;preset2&#8243; box_shadow_horizontal=&#8220;3px&#8220; box_shadow_vertical=&#8220;3px&#8220; box_shadow_blur=&#8220;4px&#8220; box_shadow_color=&#8220;rgba(0,0,0,0.15)&#8220; border_style=&#8220;solid&#8220; saved_tabs=&#8220;all&#8220;]<\/p>\n<p><span class=\"et-pb-icon et-waypoint et_pb_animation_top et-animated\" style=\"color: #ffffff; margin-right: 20px;\">\ue00e<\/span><\/p>\n<h1>Musica Workshops<\/h1>\n<p>[\/et_pb_text][et_pb_image src=&#8220;https:\/\/www.musicanet.org\/musicamail\/Sessions.jpg&#8220; align_tablet=&#8220;center&#8220; align_phone=&#8220;&#8220; align_last_edited=&#8220;on|desktop&#8220; _builder_version=&#8220;4.9.10&#8243; custom_margin=&#8220;||0px||false|false&#8220; border_width_right=&#8220;1px&#8220; border_color_right=&#8220;RGBA(240,113,37,0.6)&#8220; border_width_left=&#8220;1px&#8220; border_color_left=&#8220;RGBA(240,113,37,0.6)&#8220; box_shadow_style=&#8220;preset2&#8243; box_shadow_horizontal=&#8220;3px&#8220; box_shadow_vertical=&#8220;3px&#8220; box_shadow_blur=&#8220;4px&#8220; animation=&#8220;off&#8220;][\/et_pb_image][et_pb_text admin_label=&#8220;Description g\u00e9n\u00e9rale&#8220; _builder_version=&#8220;4.9.10&#8243; text_text_color=&#8220;#444444&#8243; header_font=&#8220;|||on|&#8220; header_text_color=&#8220;#f57125&#8243; header_font_size=&#8220;18px&#8220; header_line_height=&#8220;1.6em&#8220; background_color=&#8220;#ffffff&#8220; background_size=&#8220;initial&#8220; background_position=&#8220;top_left&#8220; background_repeat=&#8220;repeat&#8220; text_orientation=&#8220;justified&#8220; custom_margin=&#8220;0px||20px||false|false&#8220; custom_padding=&#8220;16px|30px|20px|30px|false|false&#8220; hover_enabled=&#8220;0&#8243; custom_css_main_element=&#8220;border-top: 0px;&#8220; border_radii=&#8220;off|||5px|5px&#8220; border_width_all=&#8220;1px&#8220; border_color_all=&#8220;RGBA(240,113,37,0.6)&#8220; border_width_top=&#8220;0px&#8220; box_shadow_style=&#8220;preset2&#8243; box_shadow_horizontal=&#8220;3px&#8220; box_shadow_vertical=&#8220;3px&#8220; box_shadow_blur=&#8220;4px&#8220; box_shadow_color=&#8220;RGBA(0,0,0,0.15)&#8220; border_style=&#8220;solid&#8220; sticky_enabled=&#8220;0&#8243;]<\/p>\n<p style=\"text-indent: 20px;\">Musica International veranstaltet regelm\u00e4\u00dfig Workshops, um Ihnen eine bessere Expertise zu Musica als Ihr bevorzugtes Werkzeug zu erm\u00f6glichen. Die Idee ist, dass sich Chorleiter, Dokumentalisten auf dem Gebiet der Musik, Verlage und Komponisten f\u00fcr eine Woche treffen. Sie arbeiten interaktiv mit der Datenbank, indem sie neue Werke der Chormusik eingeben, bestehende Eintr\u00e4ge mit ihrer Expertise erg\u00e4nzen oder korrigieren.Kommen Sie und nehmen Sie Teil an einem globalen Gemeinschaftsprojekt, indem Sie aktiv an der Entwicklung der Datenbank teilnehmen und dabei lernen, die Datenbank optimal zu nutzen.<\/p>\n<h3 style=\"margin-top: 30px; margin-bottom: 20px; text-align : center;\"><strong>Keine Sitzungen derzeit geplant<\/strong><\/h3>\n<h3 style=\"margin-top: 30px; display: none;\"><strong>N\u00e4chste geplante Sitzung<\/strong>:<\/h3>\n<ul style=\"display: none;\">\n<li><strong>In Frankreich, in Stra\u00dfburg, 21.-26.Oktober 2024<\/strong> i<span class=\"HwtZe\" lang=\"de\"><span class=\"jCAhz ChMk0b\"><span class=\"ryNqvb\">m Phonetik-Institut der Universit\u00e4t<\/span><\/span><\/span>. <a href=\"https:\/\/www.musicanet.org\/wp-content\/uploads\/2024\/WORKSHOP_DE_2024.pdf\" target=\"_blank\" rel=\"noopener\">Weitere Details sind hier zu finden<\/a><\/li>\n<\/ul>\n<p>Wenn Sie an dieser Workshop interessiert sind, dann nehmen Sie bitte mit <a href=\"mailto:contact@musicanet.org\"><strong>uns Kontakt<\/strong><\/a>.<\/p>\n<p>[\/et_pb_text][\/et_pb_column][et_pb_column type=&#8220;1_4&#8243; _builder_version=&#8220;3.25&#8243; custom_padding=&#8220;|||&#8220; custom_padding__hover=&#8220;|||&#8220;][et_pb_sidebar orientation=&#8220;right&#8220; area=&#8220;sidebar-main&#8220; show_border=&#8220;off&#8220; admin_label=&#8220;Sidebar&#8220; _builder_version=&#8220;3.0.74&#8243; remove_border=&#8220;on&#8220;][\/et_pb_sidebar][\/et_pb_column][\/et_pb_row][\/et_pb_section]<\/p>\n","protected":false},"excerpt":{"rendered":"<p>\ue00e Musica Workshops Musica International veranstaltet regelm\u00e4\u00dfig Workshops, um Ihnen eine bessere Expertise zu Musica als Ihr bevorzugtes Werkzeug zu erm\u00f6glichen. Die Idee ist, dass sich Chorleiter, Dokumentalisten auf dem Gebiet der Musik, Verlage und Komponisten f\u00fcr eine Woche treffen. Sie arbeiten interaktiv mit der Datenbank, indem sie neue Werke der Chormusik eingeben, bestehende Eintr\u00e4ge [&hellip;]<\/p>\n","protected":false},"author":1,"featured_media":0,"parent":2784,"menu_order":0,"comment_status":"closed","ping_status":"closed","template":"page-template-fullwidth.php","meta":{"_et_pb_use_builder":"on","_et_pb_old_content":"","_et_gb_content_width":"","footnotes":""},"class_list":["post-2878","page","type-page","status-publish","hentry"],"_links":{"self":[{"href":"https:\/\/www.musicanet.org\/de\/wp-json\/wp\/v2\/pages\/2878","targetHints":{"allow":["GET"]}}],"collection":[{"href":"https:\/\/www.musicanet.org\/de\/wp-json\/wp\/v2\/pages"}],"about":[{"href":"https:\/\/www.musicanet.org\/de\/wp-json\/wp\/v2\/types\/page"}],"author":[{"embeddable":true,"href":"https:\/\/www.musicanet.org\/de\/wp-json\/wp\/v2\/users\/1"}],"replies":[{"embeddable":true,"href":"https:\/\/www.musicanet.org\/de\/wp-json\/wp\/v2\/comments?post=2878"}],"version-history":[{"count":2,"href":"https:\/\/www.musicanet.org\/de\/wp-json\/wp\/v2\/pages\/2878\/revisions"}],"predecessor-version":[{"id":11700,"href":"https:\/\/www.musicanet.org\/de\/wp-json\/wp\/v2\/pages\/2878\/revisions\/11700"}],"up":[{"embeddable":true,"href":"https:\/\/www.musicanet.org\/de\/wp-json\/wp\/v2\/pages\/2784"}],"wp:attachment":[{"href":"https:\/\/www.musicanet.org\/de\/wp-json\/wp\/v2\/media?parent=2878"}],"curies":[{"name":"wp","href":"https:\/\/api.w.org\/{rel}","templated":true}]}}