{"id":2767,"date":"2017-09-04T12:05:02","date_gmt":"2017-09-04T10:05:02","guid":{"rendered":"http:\/\/new.musicanet.org\/merkmale\/komponisten\/aniversarios\/"},"modified":"2023-04-11T10:28:33","modified_gmt":"2023-04-11T08:28:33","slug":"jubilaen","status":"publish","type":"page","link":"https:\/\/www.musicanet.org\/de\/merkmale\/komponisten\/jubilaen\/","title":{"rendered":"Jubila\u00ebn"},"content":{"rendered":"<p>[et_pb_section bb_built=&#8220;1&#8243; fullwidth=&#8220;off&#8220; specialty=&#8220;off&#8220; parallax=&#8220;on&#8220; custom_padding=&#8220;0px||0px|&#8220; background_color=&#8220;rgba(236,240,245,0)&#8220; _builder_version=&#8220;3.0.50&#8243;][et_pb_row make_fullwidth=&#8220;off&#8220; use_custom_width=&#8220;off&#8220; width_unit=&#8220;on&#8220; use_custom_gutter=&#8220;on&#8220; allow_player_pause=&#8220;off&#8220; parallax=&#8220;off&#8220; parallax_method=&#8220;off&#8220; make_equal=&#8220;off&#8220; parallax_1=&#8220;off&#8220; parallax_method_1=&#8220;off&#8220; parallax_2=&#8220;off&#8220; parallax_method_2=&#8220;off&#8220; gutter_width=&#8220;2&#8243; custom_padding=&#8220;||0px|&#8220; background_position=&#8220;top_left&#8220; background_repeat=&#8220;repeat&#8220; background_size=&#8220;initial&#8220;][et_pb_column type=&#8220;2_3&#8243;][et_pb_code admin_label=&#8220;Liste des grands anniversaires&#8220; _builder_version=&#8220;3.0.64&#8243;]\t<div class=\"et_pb_text et_pb_module et_pb_bg_layout_light et_pb_text_align_left compoanniv_titre\">\n\t\t<div class=\"et_pb_text_inner\">\n\t\t\t<p><span class=\"et-pb-icon et-waypoint et_pb_animation_top et-animated\" style=\"color: #f57125; font-size: 24px; float: left; margin-right: 20px;\">?<\/span><\/p>\n\t\t\t<h1>Komponisten : Jubila\u00ebn<\/h1>\n\t\t<\/div>\n\t<\/div> \n\t<!-- .et_pb_text -->\n\t<div class=\"et_pb_text et_pb_module et_pb_bg_layout_light et_pb_text_align_left compoanniv_texte_debut\">\n\t\t<div class=\"et_pb_text_inner\">\n\t\t\t<p>Die beschr\u00e4nkte Fassung der Jubil\u00e4en gilt nur f\u00fcr 2026 !<br>\r\n\t\t\t\tF\u00fcr die Zug\u00e4nge  2026-2029, m\u00fcssen Sie einen privilegierten Zugang haben!<\/p><p><strong>W\u00e4hlen Sie ein Jahr :<\/strong><\/p>\t\t<\/div>\n\t<\/div> \n\t<!-- .et_pb_text -->\n\t<div id=\"anniversaires\" class=\"et_pb_text et_pb_module et_pb_bg_layout_light et_pb_text_align_left compoanniv_table\">\n\t\t<div class=\"et_pb_text_inner\">\n\t\t\t\t\t\t\t<table width=\"100%\">\n\t\t\t\t\t<tbody>\n\t\t\t\t\t\t<tr align=\"center\">\n\t\t\t\t\t\t<td rowspan=\"2\" bgcolor=\"#f57125\" width=\"25%\"><span style=\"font-weight: bold; font-size: 16pt; color: #fff;\">2026<\/span><\/td>\n\t\t\t\t\t\t<td width=\"75%\">\n\t\t\t\t\t\t\t\t\t\t\t\t\t\t\t\t<a href=\"https:\/\/www.musicanet.org\/de\/merkmale\/komponisten\/jubilaen\/birth\/2026\/\" rel=\"noopener\">Chronologisch geordnet nach Geburtsdatum<\/a>\n\t\t\t\t\t\t\t\t\t\t\t\t\t\t\t<\/td>\n\t\t\t\t\t\t<\/tr>\n\t\t\t\t\t\t<tr align=\"center\">\n\t\t\t\t\t\t<td bgcolor=\"#efefef\" width=\"75%\">\n\t\t\t\t\t\t\t\n\t\t\t\t\t\t\t\t\t\t\t\t\t\t\t\t<a href=\"https:\/\/www.musicanet.org\/de\/merkmale\/komponisten\/jubilaen\/death\/2026\/\" rel=\"noopener\">Chronologisch geordnet nach Sterbedatum<\/a>\n\t\t\t\t\t\t\t\t\t\t\t\t\t\t\t\t\n\t\t\t\t\t\t<\/td>\n\t\t\t\t\t\t<\/tr>\n\t\t\t\t\t<\/tbody>\n\t\t\t\t<\/table>\n\t\t\t\t\t\t\t<table width=\"100%\">\n\t\t\t\t\t<tbody>\n\t\t\t\t\t\t<tr align=\"center\">\n\t\t\t\t\t\t<td rowspan=\"2\" bgcolor=\"#f57125\" width=\"25%\"><span style=\"font-weight: bold; font-size: 16pt; color: #fff;\">2027<\/span><\/td>\n\t\t\t\t\t\t<td width=\"75%\">\n\t\t\t\t\t\t\t\t\t\t\t\t\t\t\t\t<span style=\"color: ##d3d3d3;\">\t\n\t\t\t\t\t\t\t\t\tChronologisch geordnet nach Geburtsdatum*\t\t\t\t\t\t\t\t\t<\/span>\n\t\t\t\t\t\t\t\t\t\t\t\t\t\t\t<\/td>\n\t\t\t\t\t\t<\/tr>\n\t\t\t\t\t\t<tr align=\"center\">\n\t\t\t\t\t\t<td bgcolor=\"#efefef\" width=\"75%\">\n\t\t\t\t\t\t\t\n\t\t\t\t\t\t\t\t\t\t\t\t\t\t\t\t<span style=\"color: ##d3d3d3;\">\t\n\t\t\t\t\t\t\t\t\tChronologisch geordnet nach Sterbedatum*\t\t\t\t\t\t\t\t\t<\/span>\n\t\t\t\t\t\t\t\t\t\t\t\t\t\t\t\t\n\t\t\t\t\t\t<\/td>\n\t\t\t\t\t\t<\/tr>\n\t\t\t\t\t<\/tbody>\n\t\t\t\t<\/table>\n\t\t\t\t\t\t\t<table width=\"100%\">\n\t\t\t\t\t<tbody>\n\t\t\t\t\t\t<tr align=\"center\">\n\t\t\t\t\t\t<td rowspan=\"2\" bgcolor=\"#f57125\" width=\"25%\"><span style=\"font-weight: bold; font-size: 16pt; color: #fff;\">2028<\/span><\/td>\n\t\t\t\t\t\t<td width=\"75%\">\n\t\t\t\t\t\t\t\t\t\t\t\t\t\t\t\t<span style=\"color: ##d3d3d3;\">\t\n\t\t\t\t\t\t\t\t\tChronologisch geordnet nach Geburtsdatum*\t\t\t\t\t\t\t\t\t<\/span>\n\t\t\t\t\t\t\t\t\t\t\t\t\t\t\t<\/td>\n\t\t\t\t\t\t<\/tr>\n\t\t\t\t\t\t<tr align=\"center\">\n\t\t\t\t\t\t<td bgcolor=\"#efefef\" width=\"75%\">\n\t\t\t\t\t\t\t\n\t\t\t\t\t\t\t\t\t\t\t\t\t\t\t\t<span style=\"color: ##d3d3d3;\">\t\n\t\t\t\t\t\t\t\t\tChronologisch geordnet nach Sterbedatum*\t\t\t\t\t\t\t\t\t<\/span>\n\t\t\t\t\t\t\t\t\t\t\t\t\t\t\t\t\n\t\t\t\t\t\t<\/td>\n\t\t\t\t\t\t<\/tr>\n\t\t\t\t\t<\/tbody>\n\t\t\t\t<\/table>\n\t\t\t\t\t\t\t<table width=\"100%\">\n\t\t\t\t\t<tbody>\n\t\t\t\t\t\t<tr align=\"center\">\n\t\t\t\t\t\t<td rowspan=\"2\" bgcolor=\"#f57125\" width=\"25%\"><span style=\"font-weight: bold; font-size: 16pt; color: #fff;\">2029<\/span><\/td>\n\t\t\t\t\t\t<td width=\"75%\">\n\t\t\t\t\t\t\t\t\t\t\t\t\t\t\t\t<span style=\"color: ##d3d3d3;\">\t\n\t\t\t\t\t\t\t\t\tChronologisch geordnet nach Geburtsdatum*\t\t\t\t\t\t\t\t\t<\/span>\n\t\t\t\t\t\t\t\t\t\t\t\t\t\t\t<\/td>\n\t\t\t\t\t\t<\/tr>\n\t\t\t\t\t\t<tr align=\"center\">\n\t\t\t\t\t\t<td bgcolor=\"#efefef\" width=\"75%\">\n\t\t\t\t\t\t\t\n\t\t\t\t\t\t\t\t\t\t\t\t\t\t\t\t<span style=\"color: ##d3d3d3;\">\t\n\t\t\t\t\t\t\t\t\tChronologisch geordnet nach Sterbedatum*\t\t\t\t\t\t\t\t\t<\/span>\n\t\t\t\t\t\t\t\t\t\t\t\t\t\t\t\t\n\t\t\t\t\t\t<\/td>\n\t\t\t\t\t\t<\/tr>\n\t\t\t\t\t<\/tbody>\n\t\t\t\t<\/table>\n\t\t\t\t\t<\/div>\n\t<\/div>\n\t<!-- .et_pb_text -->\n\t<div class=\"et_pb_text et_pb_module et_pb_bg_layout_light et_pb_text_align_left compoanniv_texte_fin\">\n\t\t\t\t\t<div class=\"et_pb_text_inner\">\n\t\t\t\t<p> <strong> * F\u00fcr <a href=\"https:\/\/www.musicanet.org\/de\/utilisateur-privilegie\/\">privilegierte Benutzer<\/a>  reserviert<\/ strong> <\/ p>\t\t\t<\/div>\n\t\t\t\t<\/div> <!-- .et_pb_text -->\t\n\t[\/et_pb_code][\/et_pb_column][et_pb_column type=&#8220;1_3&#8243;][et_pb_sidebar admin_label=&#8220;Sidebar&#8220; orientation=&#8220;right&#8220; background_layout=&#8220;light&#8220; area=&#8220;sidebar-main&#8220; remove_border=&#8220;on&#8220; \/][\/et_pb_column][\/et_pb_row][\/et_pb_section]<\/p>\n","protected":false},"excerpt":{"rendered":"<p>? Komponisten : Jubila\u00ebn Die beschr\u00e4nkte Fassung der Jubil\u00e4en gilt nur f\u00fcr 2026 ! F\u00fcr die Zug\u00e4nge 2026-2029, m\u00fcssen Sie einen privilegierten Zugang haben!W\u00e4hlen Sie ein Jahr : 2026 Chronologisch geordnet nach Geburtsdatum Chronologisch geordnet nach Sterbedatum 2027 Chronologisch geordnet nach Geburtsdatum* Chronologisch geordnet nach Sterbedatum* 2028 Chronologisch geordnet nach Geburtsdatum* Chronologisch geordnet nach Sterbedatum* [&hellip;]<\/p>\n","protected":false},"author":1,"featured_media":0,"parent":2757,"menu_order":0,"comment_status":"closed","ping_status":"closed","template":"page-template-fullwidth.php","meta":{"_et_pb_use_builder":"on","_et_pb_old_content":"","_et_gb_content_width":"","footnotes":""},"class_list":["post-2767","page","type-page","status-publish","hentry"],"_links":{"self":[{"href":"https:\/\/www.musicanet.org\/de\/wp-json\/wp\/v2\/pages\/2767\/"}],"collection":[{"href":"https:\/\/www.musicanet.org\/de\/wp-json\/wp\/v2\/pages\/"}],"about":[{"href":"https:\/\/www.musicanet.org\/de\/wp-json\/wp\/v2\/types\/page\/"}],"author":[{"embeddable":true,"href":"https:\/\/www.musicanet.org\/de\/wp-json\/wp\/v2\/users\/1\/"}],"replies":[{"embeddable":true,"href":"https:\/\/www.musicanet.org\/de\/wp-json\/wp\/v2\/comments\/?post=2767"}],"version-history":[{"count":0,"href":"https:\/\/www.musicanet.org\/de\/wp-json\/wp\/v2\/pages\/2767\/revisions\/"}],"up":[{"embeddable":true,"href":"https:\/\/www.musicanet.org\/de\/wp-json\/wp\/v2\/pages\/2757\/"}],"wp:attachment":[{"href":"https:\/\/www.musicanet.org\/de\/wp-json\/wp\/v2\/media\/?parent=2767"}],"curies":[{"name":"wp","href":"https:\/\/api.w.org\/{rel}","templated":true}]}}