{"id":2733,"date":"2017-09-04T11:48:38","date_gmt":"2017-09-04T09:48:38","guid":{"rendered":"http:\/\/new.musicanet.org\/auszeichnung\/"},"modified":"2023-04-11T10:28:58","modified_gmt":"2023-04-11T08:28:58","slug":"auszeichnung","status":"publish","type":"page","link":"https:\/\/www.musicanet.org\/de\/uber-uns\/auszeichnung\/","title":{"rendered":"Auszeichnungen"},"content":{"rendered":"<p>[et_pb_section fb_built=&#8220;1&#8243; _builder_version=&#8220;3.22&#8243; background_color=&#8220;rgba(236,240,245,0)&#8220; parallax=&#8220;on&#8220; custom_padding=&#8220;0px||0px|&#8220;][et_pb_row use_custom_gutter=&#8220;on&#8220; gutter_width=&#8220;2&#8243; _builder_version=&#8220;3.25&#8243; background_size=&#8220;initial&#8220; background_position=&#8220;top_left&#8220; background_repeat=&#8220;repeat&#8220; custom_padding=&#8220;||0px|&#8220; make_fullwidth=&#8220;off&#8220; use_custom_width=&#8220;off&#8220; width_unit=&#8220;on&#8220; column_structure=&#8220;2_3,1_3&#8243;][et_pb_column type=&#8220;2_3&#8243; _builder_version=&#8220;3.25&#8243; custom_padding=&#8220;|||&#8220; custom_padding__hover=&#8220;|||&#8220;][et_pb_text admin_label=&#8220;Distinctions&#8220; _builder_version=&#8220;4.9.10&#8243; text_text_color=&#8220;#FFFFFF&#8220; header_font=&#8220;|||on|&#8220; header_text_color=&#8220;#FFFFFF&#8220; header_font_size=&#8220;18px&#8220; header_line_height=&#8220;1.6em&#8220; custom_margin=&#8220;||0px||false|false&#8220; custom_padding=&#8220;20px|20px|5px|20px&#8220; border_style=&#8220;solid&#8220; text_font=&#8220;|||on|&#8220; text_font_size=&#8220;18px&#8220; background_color=&#8220;#ffffff&#8220; use_background_color_gradient=&#8220;on&#8220; background_color_gradient_start=&#8220;#f07125&#8243; background_color_gradient_end=&#8220;#f9aa44&#8243; background_color_gradient_direction=&#8220;68deg&#8220; background_size=&#8220;initial&#8220; background_position=&#8220;top_left&#8220; background_repeat=&#8220;repeat&#8220; z_index=&#8220;-10&#8243; text_text_shadow_style=&#8220;preset2&#8243; text_text_shadow_horizontal_length=&#8220;0.09em&#8220; text_text_shadow_vertical_length=&#8220;0.09em&#8220; text_text_shadow_blur_strength=&#8220;0.06em&#8220; border_radii=&#8220;off|5px|5px||&#8220; border_width_top=&#8220;1px&#8220; border_color_top=&#8220;rgba(229,85,0,0.9)&#8220; border_width_right=&#8220;1px&#8220; border_width_left=&#8220;1px&#8220; box_shadow_style=&#8220;preset2&#8243; box_shadow_horizontal=&#8220;3px&#8220; box_shadow_vertical=&#8220;3px&#8220; box_shadow_blur=&#8220;4px&#8220; box_shadow_color=&#8220;rgba(0,0,0,0.15)&#8220; hover_enabled=&#8220;0&#8243; sticky_enabled=&#8220;0&#8243;]<span class=\"et-pb-icon et-waypoint et_pb_animation_top et-animated\" style=\"color: #ffffff; font-size: 24px; float: left; margin-right: 20px;\">\ue078<\/span><\/p>\n<h1>Auszeichnungen<\/h1>\n<p>[\/et_pb_text][et_pb_blog fullwidth=&#8220;off&#8220; posts_number=&#8220;2&#8243; include_categories=&#8220;12&#8243; show_more=&#8220;on&#8220; show_author=&#8220;off&#8220; show_date=&#8220;off&#8220; show_categories=&#8220;off&#8220; show_pagination=&#8220;off&#8220; admin_label=&#8220;Articles Distinctions&#8220; _builder_version=&#8220;4.9.10&#8243; _module_preset=&#8220;default&#8220; header_text_align=&#8220;justify&#8220; header_text_color=&#8220;#F07125&#8243; body_text_align=&#8220;justify&#8220; body_text_color=&#8220;#555555&#8243; meta_text_align=&#8220;right&#8220; read_more_font=&#8220;|700|||||||&#8220; read_more_text_color=&#8220;#FFFFFF&#8220; read_more_line_height=&#8220;3.4em&#8220; background_color=&#8220;#FFFFFF&#8220; custom_margin=&#8220;||||false|false&#8220; custom_padding=&#8220;20px|20px|0px|20px|false|false&#8220; link_option_url_new_window=&#8220;on&#8220; custom_css_main_element=&#8220;border-radius: 0 0 5px 5px;||border: 1px solid rgba(229,85,0,0.6);||box-shadow: 3px 3px 4px 0px rgba(0,0,0,0.15);&#8220; custom_css_title=&#8220;margin-top: -15px;&#8220; custom_css_featured_image=&#8220;margin-bottom: 0px;&#8220; custom_css_read_more=&#8220;background: linear-gradient(68deg,#f07125 0%,#f09c25 100%);||text-shadow: 0.09em 0.09em 0.05em rgba(0,0,0,0.5);||border: 1px solid #e55500;||border-radius: 5px;||padding: 7px 12px;&#8220; border_radii=&#8220;on|5px|5px|5px|5px&#8220; border_radii_image=&#8220;on|5px|5px|5px|5px&#8220; border_width_all_image=&#8220;1px&#8220; border_color_all_image=&#8220;#bbbbbb&#8220; locked=&#8220;off&#8220;][\/et_pb_blog][\/et_pb_column][et_pb_column type=&#8220;1_3&#8243; _builder_version=&#8220;3.25&#8243; custom_padding=&#8220;|||&#8220; custom_padding__hover=&#8220;|||&#8220;][et_pb_sidebar orientation=&#8220;right&#8220; area=&#8220;sidebar-main&#8220; show_border=&#8220;off&#8220; admin_label=&#8220;Sidebar&#8220; _builder_version=&#8220;3.0.74&#8243; remove_border=&#8220;on&#8220;][\/et_pb_sidebar][\/et_pb_column][\/et_pb_row][\/et_pb_section]<\/p>\n","protected":false},"excerpt":{"rendered":"<p>\ue078 Auszeichnungen Preis 2000 der Fondation Alsace Jean Sturm, unser Exekutiv-Direktor, ist f\u00fcr sein Projekt Musica International mit dem Preis 2000 der FONDATION ALSACE (Stiftung Elsa\u00df) ausgezeichnet worden. mehr lesen Jean Sturm- Chevalier de l&#8217;ordre des Arts et des Lettres Frau Aur\u00e9lie Filippetti, Ministerin f\u00fcr Kultur, hat unseren Generaldirektor Jean Sturm zum dem franz\u00f6sischen Ritterorden [&hellip;]<\/p>\n","protected":false},"author":1,"featured_media":0,"parent":2753,"menu_order":0,"comment_status":"closed","ping_status":"closed","template":"page-template-fullwidth.php","meta":{"_et_pb_use_builder":"on","_et_pb_old_content":"","_et_gb_content_width":"","footnotes":""},"class_list":["post-2733","page","type-page","status-publish","hentry"],"_links":{"self":[{"href":"https:\/\/www.musicanet.org\/de\/wp-json\/wp\/v2\/pages\/2733","targetHints":{"allow":["GET"]}}],"collection":[{"href":"https:\/\/www.musicanet.org\/de\/wp-json\/wp\/v2\/pages"}],"about":[{"href":"https:\/\/www.musicanet.org\/de\/wp-json\/wp\/v2\/types\/page"}],"author":[{"embeddable":true,"href":"https:\/\/www.musicanet.org\/de\/wp-json\/wp\/v2\/users\/1"}],"replies":[{"embeddable":true,"href":"https:\/\/www.musicanet.org\/de\/wp-json\/wp\/v2\/comments?post=2733"}],"version-history":[{"count":0,"href":"https:\/\/www.musicanet.org\/de\/wp-json\/wp\/v2\/pages\/2733\/revisions"}],"up":[{"embeddable":true,"href":"https:\/\/www.musicanet.org\/de\/wp-json\/wp\/v2\/pages\/2753"}],"wp:attachment":[{"href":"https:\/\/www.musicanet.org\/de\/wp-json\/wp\/v2\/media?parent=2733"}],"curies":[{"name":"wp","href":"https:\/\/api.w.org\/{rel}","templated":true}]}}