{"id":2668,"date":"2017-08-28T12:29:55","date_gmt":"2017-08-28T10:29:55","guid":{"rendered":"http:\/\/new.musicanet.org\/abonnement\/"},"modified":"2024-07-09T19:55:45","modified_gmt":"2024-07-09T17:55:45","slug":"abonnement","status":"publish","type":"page","link":"https:\/\/www.musicanet.org\/de\/dienstleistungen\/abonnement\/","title":{"rendered":"Abonnement"},"content":{"rendered":"<p>[et_pb_section fb_built=&#8220;1&#8243; _builder_version=&#8220;3.22&#8243; background_color=&#8220;rgba(236,240,245,0)&#8220; parallax=&#8220;on&#8220; custom_padding=&#8220;0px||0px|&#8220;][et_pb_row column_structure=&#8220;2_3,1_3&#8243; use_custom_gutter=&#8220;on&#8220; gutter_width=&#8220;2&#8243; _builder_version=&#8220;3.25&#8243; background_size=&#8220;initial&#8220; background_position=&#8220;top_left&#8220; background_repeat=&#8220;repeat&#8220; custom_padding=&#8220;||0px|&#8220; make_fullwidth=&#8220;off&#8220; use_custom_width=&#8220;off&#8220; width_unit=&#8220;on&#8220;][et_pb_column type=&#8220;2_3&#8243; _builder_version=&#8220;3.25&#8243; custom_padding=&#8220;|||&#8220; custom_padding__hover=&#8220;|||&#8220;][et_pb_text admin_label=&#8220;Abonnement pro (titre)&#8220; _builder_version=&#8220;4.9.10&#8243; text_font=&#8220;|||on|&#8220; text_text_color=&#8220;#FFFFFF&#8220; text_font_size=&#8220;18px&#8220; header_font=&#8220;|||on|&#8220; header_text_color=&#8220;#FFFFFF&#8220; header_font_size=&#8220;18px&#8220; header_line_height=&#8220;1.6em&#8220; background_color=&#8220;#ffffff&#8220; use_background_color_gradient=&#8220;on&#8220; background_color_gradient_start=&#8220;#f07125&#8243; background_color_gradient_end=&#8220;#f9aa44&#8243; background_color_gradient_direction=&#8220;68deg&#8220; background_size=&#8220;initial&#8220; background_position=&#8220;top_left&#8220; background_repeat=&#8220;repeat&#8220; custom_margin=&#8220;||0px||false|false&#8220; custom_padding=&#8220;20px|20px|5px|20px&#8220; text_text_shadow_style=&#8220;preset2&#8243; text_text_shadow_horizontal_length=&#8220;0.09em&#8220; text_text_shadow_vertical_length=&#8220;0.09em&#8220; text_text_shadow_blur_strength=&#8220;0.06em&#8220; border_radii=&#8220;off|5px|5px||&#8220; border_width_top=&#8220;1px&#8220; border_color_top=&#8220;rgba(229,85,0,0.9)&#8220; border_width_right=&#8220;1px&#8220; border_width_left=&#8220;1px&#8220; box_shadow_style=&#8220;preset2&#8243; box_shadow_horizontal=&#8220;3px&#8220; box_shadow_vertical=&#8220;3px&#8220; box_shadow_blur=&#8220;4px&#8220; box_shadow_color=&#8220;rgba(0,0,0,0.15)&#8220; border_style=&#8220;solid&#8220; saved_tabs=&#8220;all&#8220;]<\/p>\n<p><span class=\"et-pb-icon et-waypoint et_pb_animation_top et-animated\" style=\"color: #ffffff; margin-right: 20px;\">\ue0e0<\/span><\/p>\n<h1>Abonnement<\/h1>\n<p>[\/et_pb_text][et_pb_image src=&#8220;https:\/\/www.musicanet.org\/wp-content\/uploads\/2021\/11\/Entete-partitions.png&#8220; alt=&#8220;Image d&#8217;ent\u00eate avec partitions pour le site Musica International&#8220; title_text=&#8220;Ent\u00eate partitions&#8220; align_tablet=&#8220;center&#8220; align_phone=&#8220;&#8220; align_last_edited=&#8220;on|desktop&#8220; _builder_version=&#8220;4.9.10&#8243; custom_margin=&#8220;||0px||false|false&#8220; border_width_right=&#8220;1px&#8220; border_color_right=&#8220;RGBA(240,113,37,0.6)&#8220; border_width_left=&#8220;1px&#8220; border_color_left=&#8220;RGBA(240,113,37,0.6)&#8220; box_shadow_style=&#8220;preset2&#8243; box_shadow_horizontal=&#8220;3px&#8220; box_shadow_vertical=&#8220;3px&#8220; box_shadow_blur=&#8220;4px&#8220; box_shadow_color=&#8220;RGBA(0,0,0,0.15)&#8220; border_style=&#8220;solid&#8220; animation=&#8220;off&#8220; sticky=&#8220;off&#8220; always_center_on_mobile=&#8220;on&#8220;][\/et_pb_image][et_pb_text _builder_version=&#8220;4.9.10&#8243; background_color=&#8220;#ffffff&#8220; custom_margin=&#8220;||30px|&#8220; custom_padding=&#8220;16px|30px|20px|30px|false|false&#8220; hover_enabled=&#8220;0&#8243; custom_css_main_element=&#8220;border-top: 0px;&#8220; border_radii=&#8220;off|||5px|5px&#8220; border_width_all=&#8220;1px&#8220; border_color_all=&#8220;RGBA(240,113,37,0.6)&#8220; border_width_top=&#8220;0px&#8220; box_shadow_style=&#8220;preset2&#8243; box_shadow_horizontal=&#8220;3px&#8220; box_shadow_vertical=&#8220;3px&#8220; box_shadow_blur=&#8220;4px&#8220; box_shadow_color=&#8220;RGBA(0,0,0,0.15)&#8220; border_color=&#8220;#e02b20&#8243; border_width=&#8220;4px&#8220; border_style=&#8220;solid&#8220; sticky_enabled=&#8220;0&#8243;]<\/p>\n<p align=\"justify\">Das Abschlie\u00dfen eines <strong>Jahresabonnements<\/strong> ist die ideal f\u00fcr Institutionen wie Bibliotheken, Musikfachgesch\u00e4fte&#8230;<\/p>\n<p align=\"justify\">Es erlaubt Ihnen insbesondere einen\u00a0<strong>Komplettzugriff auf die Datenbank MUSICA<\/strong>\u00a0(ohne Beschr\u00e4nkung der Suchergebnisse auf 50 Datens\u00e4tze pro Recherche, mit M\u00f6glichkeit des Ausdruckens von Listen, Zugriff auf zus\u00e4tzliche Optionen auf der Website, z.B. dem \u201e<a class=\"heavy\" href=\"www.musicanet.org\/de\/auditorium\" target=\"_blank\" rel=\"noopener\">Konzertsaal<\/a>\u201c, wo Sie tausende H\u00f6rbeispiele entdecken k\u00f6nnen und die Beschreibung der jeweiligen Partitur angezeigt bekommen, ohne eine Recherche durchf\u00fchren zu m\u00fcssen).<\/p>\n<p>Auf Anfrage k\u00f6nnen wir Ihnen einen Direktzugriff einrichten, ohne Login und Password \u2013 die Authentifizierung erfolgt automatisch \u00fcber eine feste IP-Adresse (h\u00e4ufig von Bibliotheken genutzt).<\/p>\n<p style=\"text-align: center;\"><strong>Zum Abonnement :\u00a0<\/strong><a href=\"https:\/\/www.musicanet.org\/wp-content\/uploads\/2024\/ABONDE.pdf\" target=\"_blank\" rel=\"noopener\">Formular herunterladen<\/a>\u00a0 oder\u00a0 <a href=\"https:\/\/www.musicanet.org\/de\/professionelle-abonnement\/\" target=\"_blank\" rel=\"noopener\">Online abschlie\u00dfen<\/a><\/p>\n<p>[\/et_pb_text][\/et_pb_column][et_pb_column type=&#8220;1_3&#8243; _builder_version=&#8220;3.25&#8243; custom_padding=&#8220;|||&#8220; custom_padding__hover=&#8220;|||&#8220;][et_pb_sidebar orientation=&#8220;right&#8220; area=&#8220;sidebar-main&#8220; show_border=&#8220;off&#8220; admin_label=&#8220;Sidebar&#8220; _builder_version=&#8220;3.0.74&#8243; remove_border=&#8220;on&#8220;][\/et_pb_sidebar][\/et_pb_column][\/et_pb_row][\/et_pb_section]<\/p>\n","protected":false},"excerpt":{"rendered":"<p>\ue0e0 Abonnement Das Abschlie\u00dfen eines Jahresabonnements ist die ideal f\u00fcr Institutionen wie Bibliotheken, Musikfachgesch\u00e4fte&#8230; Es erlaubt Ihnen insbesondere einen\u00a0Komplettzugriff auf die Datenbank MUSICA\u00a0(ohne Beschr\u00e4nkung der Suchergebnisse auf 50 Datens\u00e4tze pro Recherche, mit M\u00f6glichkeit des Ausdruckens von Listen, Zugriff auf zus\u00e4tzliche Optionen auf der Website, z.B. dem \u201eKonzertsaal\u201c, wo Sie tausende H\u00f6rbeispiele entdecken k\u00f6nnen und die [&hellip;]<\/p>\n","protected":false},"author":1,"featured_media":0,"parent":2793,"menu_order":0,"comment_status":"closed","ping_status":"closed","template":"page-template-fullwidth.php","meta":{"_et_pb_use_builder":"on","_et_pb_old_content":"","_et_gb_content_width":"","footnotes":""},"class_list":["post-2668","page","type-page","status-publish","hentry"],"_links":{"self":[{"href":"https:\/\/www.musicanet.org\/de\/wp-json\/wp\/v2\/pages\/2668","targetHints":{"allow":["GET"]}}],"collection":[{"href":"https:\/\/www.musicanet.org\/de\/wp-json\/wp\/v2\/pages"}],"about":[{"href":"https:\/\/www.musicanet.org\/de\/wp-json\/wp\/v2\/types\/page"}],"author":[{"embeddable":true,"href":"https:\/\/www.musicanet.org\/de\/wp-json\/wp\/v2\/users\/1"}],"replies":[{"embeddable":true,"href":"https:\/\/www.musicanet.org\/de\/wp-json\/wp\/v2\/comments?post=2668"}],"version-history":[{"count":0,"href":"https:\/\/www.musicanet.org\/de\/wp-json\/wp\/v2\/pages\/2668\/revisions"}],"up":[{"embeddable":true,"href":"https:\/\/www.musicanet.org\/de\/wp-json\/wp\/v2\/pages\/2793"}],"wp:attachment":[{"href":"https:\/\/www.musicanet.org\/de\/wp-json\/wp\/v2\/media?parent=2668"}],"curies":[{"name":"wp","href":"https:\/\/api.w.org\/{rel}","templated":true}]}}