{"id":2605,"date":"2017-08-11T15:08:29","date_gmt":"2017-08-11T13:08:29","guid":{"rendered":"http:\/\/new.musicanet.org\/vorstellung\/"},"modified":"2025-01-27T20:42:51","modified_gmt":"2025-01-27T19:42:51","slug":"vorstellung","status":"publish","type":"page","link":"https:\/\/www.musicanet.org\/de\/uber-uns\/vorstellung\/","title":{"rendered":"Vorstellung"},"content":{"rendered":"<p>[et_pb_section fb_built=&#8220;1&#8243; _builder_version=&#8220;3.22&#8243; background_color=&#8220;rgba(236,240,245,0)&#8220; parallax=&#8220;on&#8220; custom_padding=&#8220;0px||0px|&#8220;][et_pb_row column_structure=&#8220;3_4,1_4&#8243; use_custom_gutter=&#8220;on&#8220; gutter_width=&#8220;2&#8243; _builder_version=&#8220;4.9.10&#8243; background_size=&#8220;initial&#8220; background_position=&#8220;top_left&#8220; background_repeat=&#8220;repeat&#8220; custom_padding=&#8220;||0px|&#8220; make_fullwidth=&#8220;off&#8220; use_custom_width=&#8220;off&#8220; width_unit=&#8220;on&#8220;][et_pb_column type=&#8220;3_4&#8243; _builder_version=&#8220;3.25&#8243; custom_padding=&#8220;|||&#8220; custom_padding__hover=&#8220;|||&#8220;][et_pb_text admin_label=&#8220;Recherche (titre)&#8220; _builder_version=&#8220;4.9.10&#8243; text_font=&#8220;|||on|&#8220; text_text_color=&#8220;#FFFFFF&#8220; text_font_size=&#8220;18px&#8220; header_font=&#8220;|||on|&#8220; header_text_color=&#8220;#FFFFFF&#8220; header_font_size=&#8220;18px&#8220; header_line_height=&#8220;1.6em&#8220; background_color=&#8220;#ffffff&#8220; use_background_color_gradient=&#8220;on&#8220; background_color_gradient_start=&#8220;#f07125&#8243; background_color_gradient_end=&#8220;#f9aa44&#8243; background_color_gradient_direction=&#8220;68deg&#8220; background_size=&#8220;initial&#8220; background_position=&#8220;top_left&#8220; background_repeat=&#8220;repeat&#8220; custom_margin=&#8220;||0px||false|false&#8220; custom_padding=&#8220;20px|20px|5px|20px&#8220; text_text_shadow_style=&#8220;preset2&#8243; text_text_shadow_horizontal_length=&#8220;0.09em&#8220; text_text_shadow_vertical_length=&#8220;0.09em&#8220; text_text_shadow_blur_strength=&#8220;0.06em&#8220; border_radii=&#8220;off|5px|5px||&#8220; border_width_top=&#8220;1px&#8220; border_color_top=&#8220;rgba(229,85,0,0.9)&#8220; border_width_right=&#8220;1px&#8220; border_width_left=&#8220;1px&#8220; box_shadow_style=&#8220;preset2&#8243; box_shadow_horizontal=&#8220;3px&#8220; box_shadow_vertical=&#8220;3px&#8220; box_shadow_blur=&#8220;4px&#8220; box_shadow_color=&#8220;rgba(0,0,0,0.15)&#8220; border_style=&#8220;solid&#8220; saved_tabs=&#8220;all&#8220;]<\/p>\n<p><span class=\"et-pb-icon et-waypoint et_pb_animation_top et-animated\" style=\"color: #ffffff; margin-right: 20px;\">\ue058<\/span><\/p>\n<h1>\u00dcber uns: Vorstellung von Musica International<\/h1>\n<p>[\/et_pb_text][et_pb_image src=&#8220;\/wp-content\/uploads\/2017\/02\/presentation.jpg&#8220; align_tablet=&#8220;center&#8220; align_phone=&#8220;&#8220; align_last_edited=&#8220;on|desktop&#8220; _builder_version=&#8220;4.9.10&#8243; custom_margin=&#8220;||0px||false|false&#8220; border_width_all=&#8220;1px&#8220; border_color_all=&#8220;RGBA(229,85,0,0.6)&#8220; border_width_top=&#8220;0px&#8220; border_width_bottom=&#8220;0px&#8220; box_shadow_style=&#8220;preset2&#8243; box_shadow_horizontal=&#8220;3px&#8220; box_shadow_vertical=&#8220;3px&#8220; box_shadow_blur=&#8220;4px&#8220; box_shadow_color=&#8220;RGBA(0,0,0,0.15)&#8220; border_style=&#8220;solid&#8220; animation=&#8220;off&#8220; sticky=&#8220;off&#8220; always_center_on_mobile=&#8220;on&#8220;][\/et_pb_image][et_pb_text _builder_version=&#8220;4.9.10&#8243; background_color=&#8220;#ffffff&#8220; custom_margin=&#8220;||30px|&#8220; custom_padding=&#8220;16px|30px|20px|30px|false|false&#8220; hover_enabled=&#8220;0&#8243; custom_css_main_element=&#8220;border-top: 0px;&#8220; border_radii=&#8220;off|||5px|5px&#8220; border_width_all=&#8220;1px&#8220; border_color_all=&#8220;RGBA(229,85,0,0.6)&#8220; border_width_top=&#8220;0px&#8220; border_color=&#8220;#e02b20&#8243; border_width=&#8220;4px&#8220; border_style=&#8220;solid&#8220; sticky_enabled=&#8220;0&#8243;]<\/p>\n<p style=\"font-weight: 400; text-align: justify;\"><strong>Musica International<\/strong> ist eine kollaborative, mehrsprachige Multimedia-Datenbank des weltweiten Chorrepertoires. Sie richtet sich an Chorleiter, Verleger, Komponisten, Organisatoren von Chorveranstaltungen und generell an alle Chorliebhaber, die Partituren ausw\u00e4hlen, (wieder-)entdecken und\/oder lokalisieren m\u00f6chten.<\/p>\n<p style=\"text-align: justify;\">Urspr\u00fcnglich 1983 f\u00fcr das <a href=\"http:\/\/missionvoixalsace.org\/\">Centre d&#8217;Art Polyphonique d&#8217;Alsace (CAPA)<\/a>, Frankreich, erdacht und entwickelt, wurde das Projekt 1990 vom <strong>Internationalen Zentrum f\u00fcr Chormusik (ICCM<\/strong>) unterst\u00fctzt, um den Wunsch der <strong>Internationalen F\u00f6deration f\u00fcr Chormusik (IFCM<\/strong>) entgegenzukommen, eine umfassende Datenbank des Chormusikrepertoires der ganzen Welt zu erstellen. 2017, 27 Jahre sp\u00e4ter, enth\u00e4lt Musica Angaben zu \u00fcber 200.000 Partituren.<\/p>\n<p style=\"text-align: justify;\">MUSICA hat sich zu einer wertvollen und leistungsf\u00e4higen Suchmachine f\u00fcr die Chormusik entwickelt und ist ein p\u00e4dagogisches Hilfsmittel f\u00fcr Chorleiter, Musikwissenschaftler, Musikschulen und Musikhochschulen, Musikverb\u00e4nden, Chormusikbibliotheken, Musikalienhandlungen usw., aber auch f\u00fcr Amateure, ja f\u00fcr alle, welche etwas \u00fcber Chormusik wissen wollen..<br \/>Sie eignet sich ebenfalls vorz\u00fcglich f\u00fcr die <strong>Verwaltung einer Chormusikbibliothek, <\/strong>basierend auf einer Zusammenarbeit mit anderen Bibliotheken.<\/p>\n<p style=\"text-align: justify;\">Die <strong>Dokumentationsstruktur<\/strong> eines jeden Datensatzes besteht aus \u00fcber 80 verschiedenen Informationsfeldern (Komponist, Arrangeur, Verleger, Titel, Verlag, Genre, Form, Schwierigkeitsgrad, Chortyp, Sprache, Epoche, Instrumentalstimmen usw.). Jede Dateneinheit wird auf Koh\u00e4renz und Homogenit\u00e4t \u00fcberpr\u00fcft. Um dem Anspruch der Internationalit\u00e4t gerecht zu werden, ist die Datenbank vielsprachig (franz\u00f6sisch, deutsch, englisch und spanisch), und rund zwanzig Felder werden automatisch mit einem mehrsprachigen Thesaurus \u00fcbersetzt, der vom Musica-Team entwickelt wurde.<\/p>\n<p style=\"text-align: justify;\">Der eingetragene Verein &#8222;<a href=\"www.musicanet.org\/de\/uber-uns\/das-team\/\">Musica International&#8220;<\/a> wurde am 6. Februar 1998 gegr\u00fcndet, um die Entwicklung und Benutzung der Musica-Datenbank weltweit zu f\u00f6rdern und sie dank einer Gemeinschaft von freiwilligen Helfern schrittweise zu einer virtuellen Multimedia-Bibliothek zu entwickeln. Der Verein schl\u00e4gt allen Chorf\u00f6derationen, Universit\u00e4ten, Institutionen, Stiftungen, Musikbibliotheken und Verlagen vor, die mit Chormusik arbeiten oder diese verbreiten m\u00f6chten, Musica International beizutreten und am Aufbau dieser virtuellen Bibliothek mitzuarbeiten. Bereits 1998 wirkten Partner in 14 L\u00e4ndern an der Eingabe und der Verbreitung der Informationen mit.<\/p>\n<p>[\/et_pb_text][\/et_pb_column][et_pb_column type=&#8220;1_4&#8243; _builder_version=&#8220;3.25&#8243; custom_padding=&#8220;|||&#8220; custom_padding__hover=&#8220;|||&#8220;][et_pb_sidebar orientation=&#8220;right&#8220; area=&#8220;sidebar-main&#8220; show_border=&#8220;off&#8220; admin_label=&#8220;Sidebar&#8220; _builder_version=&#8220;3.0.74&#8243; remove_border=&#8220;on&#8220;][\/et_pb_sidebar][\/et_pb_column][\/et_pb_row][\/et_pb_section]<\/p>\n","protected":false},"excerpt":{"rendered":"<p>\ue058 \u00dcber uns: Vorstellung von Musica International Musica International ist eine kollaborative, mehrsprachige Multimedia-Datenbank des weltweiten Chorrepertoires. Sie richtet sich an Chorleiter, Verleger, Komponisten, Organisatoren von Chorveranstaltungen und generell an alle Chorliebhaber, die Partituren ausw\u00e4hlen, (wieder-)entdecken und\/oder lokalisieren m\u00f6chten. Urspr\u00fcnglich 1983 f\u00fcr das Centre d&#8217;Art Polyphonique d&#8217;Alsace (CAPA), Frankreich, erdacht und entwickelt, wurde das Projekt [&hellip;]<\/p>\n","protected":false},"author":1,"featured_media":0,"parent":2753,"menu_order":0,"comment_status":"closed","ping_status":"closed","template":"page-template-fullwidth.php","meta":{"_et_pb_use_builder":"on","_et_pb_old_content":"","_et_gb_content_width":"","footnotes":""},"class_list":["post-2605","page","type-page","status-publish","hentry"],"_links":{"self":[{"href":"https:\/\/www.musicanet.org\/de\/wp-json\/wp\/v2\/pages\/2605\/"}],"collection":[{"href":"https:\/\/www.musicanet.org\/de\/wp-json\/wp\/v2\/pages\/"}],"about":[{"href":"https:\/\/www.musicanet.org\/de\/wp-json\/wp\/v2\/types\/page\/"}],"author":[{"embeddable":true,"href":"https:\/\/www.musicanet.org\/de\/wp-json\/wp\/v2\/users\/1\/"}],"replies":[{"embeddable":true,"href":"https:\/\/www.musicanet.org\/de\/wp-json\/wp\/v2\/comments\/?post=2605"}],"version-history":[{"count":0,"href":"https:\/\/www.musicanet.org\/de\/wp-json\/wp\/v2\/pages\/2605\/revisions\/"}],"up":[{"embeddable":true,"href":"https:\/\/www.musicanet.org\/de\/wp-json\/wp\/v2\/pages\/2753\/"}],"wp:attachment":[{"href":"https:\/\/www.musicanet.org\/de\/wp-json\/wp\/v2\/media\/?parent=2605"}],"curies":[{"name":"wp","href":"https:\/\/api.w.org\/{rel}","templated":true}]}}